{"id":98,"date":"2020-06-16T09:48:56","date_gmt":"2020-06-16T09:48:56","guid":{"rendered":"https:\/\/www.sp.sknetworx.at\/seelenfrieden\/?page_id=98"},"modified":"2020-08-29T17:17:32","modified_gmt":"2020-08-29T15:17:32","slug":"weitere-schritte","status":"publish","type":"page","link":"https:\/\/www.sp.sknetworx.at\/seelenfrieden\/im-trauerfall\/weitere-schritte\/","title":{"rendered":"Weitere Schritte"},"content":{"rendered":"\n<p>Noch am selben Tag oder am Tag danach sind die Aufnahme-Formalit\u00e4ten vor zu nehmen.<br>Wenn es Ihnen nicht danach zumute ist, das Haus zu verlassen, kommen<strong> wir zu Ihnen<\/strong>.<br>Wenn Sie dazu lieber in unsere Gesch\u00e4ftsr\u00e4umlichkeiten kommen wollen, sind Sie herzlich willkommen!<br>In jedem Fall \u00fcbernehmen wir f\u00fcr Sie s\u00e4mtliche erforderlichen Ma\u00dfnahmen!<\/p>\n\n\n\n<p>Haben Sie besondere W\u00fcnsche, lassen sie uns diese wissen. Wir tun alles (was uns innerhalb des gesetzlichen Rahmens m\u00f6glich ist), um auch diese zu erf\u00fcllen. Es ist uns eine Ehre, wenn wir f\u00fcr Sie in dieser schwierigen Zeit eine verl\u00e4ssliche, kompetente St\u00fctze sein d\u00fcrfen!<br>Sie k\u00f6nnen sich auf uns und die langj\u00e4hrige Erfahrung unseres Bestatters in jedem Fall absolut verlassen!<\/p>\n\n\n\n<table><tbody><tr><td><\/td><\/tr><\/tbody><\/table>\n\n\n\n<h4><strong>Bitte bereiten Sie Folgendes vor:<\/strong><\/h4>\n\n\n\n<ul><li>Geburtsurkunde<strong> <\/strong>(Geburts- und Taufschein)<\/li><li>Staatsb\u00fcrgerschaftsnachweis (Heimatschein)<\/li><li>Meldebest\u00e4tigung<\/li><li>bei akad. Grad: urkundlicher Nachweis<\/li><li>Heiratsurkunde<\/li><li>bei Geschiedenen: Scheidungsurteil oder Heiratsurkunde mit Scheidungsvermerk<\/li><li>bei Verwitweten: Sterbeurkunde des verstorbenen Ehegatten<\/li><li>bei vorhandener Ablebensversicherung: Originalpolizze<\/li><li>Bekleidung<\/li><li>Foto f\u00fcr die Parte<\/li><\/ul>\n\n\n\n<div style=\"height:20px\" aria-hidden=\"true\" class=\"wp-block-spacer\"><\/div>\n\n\n\n<p><strong>Sie haben Fragen? Z\u00f6gern Sie nicht, rufen Sie uns einfach an; wir sind f\u00fcr Sie da: 0664 8844 5885<\/strong><\/p>\n","protected":false},"excerpt":{"rendered":"<p>Noch am selben Tag oder am Tag danach sind die Aufnahme-Formalit\u00e4ten vor zu nehmen.Wenn es Ihnen nicht danach zumute ist, das Haus zu verlassen, kommen wir zu Ihnen.Wenn Sie dazu lieber in unsere Gesch\u00e4ftsr\u00e4umlichkeiten kommen wollen, sind Sie herzlich willkommen!In jedem Fall \u00fcbernehmen wir f\u00fcr Sie s\u00e4mtliche erforderlichen Ma\u00dfnahmen! Haben Sie besondere W\u00fcnsche, lassen sie&hellip;&nbsp;<a href=\"https:\/\/www.sp.sknetworx.at\/seelenfrieden\/im-trauerfall\/weitere-schritte\/\" class=\"\" rel=\"bookmark\">Weiterlesen &raquo;<span class=\"screen-reader-text\">Weitere Schritte<\/span><\/a><\/p>\n","protected":false},"author":1,"featured_media":0,"parent":49,"menu_order":2,"comment_status":"closed","ping_status":"closed","template":"","meta":{"neve_meta_sidebar":"full-width","neve_meta_container":"","neve_meta_enable_content_width":"on","neve_meta_content_width":100,"neve_meta_title_alignment":"","neve_meta_author_avatar":"","neve_post_elements_order":"","neve_meta_disable_header":"","neve_meta_disable_footer":"","neve_meta_disable_title":""},"yoast_head":"<!-- This site is optimized with the Yoast SEO plugin v15.1.1 - https:\/\/yoast.com\/wordpress\/plugins\/seo\/ -->\n<title>BESTATTUNG Seelenfrieden GmbH, Kapfenberg-Schirmitzb\u00fchel \u2026<\/title>\n<meta name=\"description\" content=\"Zu Bestattung Seelenfrieden GmbH in Kapfenberg-Schirmitzb\u00fchel finden Sie \u2713 E-Mail \u2713 Adresse \u2713 Homepage \u2012 eingetragen unter Bestattung ...\" \/>\n<meta name=\"robots\" content=\"index, follow, max-snippet:-1, max-image-preview:large, max-video-preview:-1\" \/>\n<link rel=\"canonical\" href=\"https:\/\/www.bestattung-seelenfrieden.at\/im-trauerfall\/weitere-schritte\/\" \/>\n<meta property=\"og:locale\" content=\"de_DE\" \/>\n<meta property=\"og:type\" content=\"article\" \/>\n<meta property=\"og:title\" content=\"BESTATTUNG Seelenfrieden GmbH, Kapfenberg-Schirmitzb\u00fchel \u2026\" \/>\n<meta property=\"og:description\" content=\"Zu Bestattung Seelenfrieden GmbH in Kapfenberg-Schirmitzb\u00fchel finden Sie \u2713 E-Mail \u2713 Adresse \u2713 Homepage \u2012 eingetragen unter Bestattung ...\" \/>\n<meta property=\"og:url\" content=\"https:\/\/www.bestattung-seelenfrieden.at\/im-trauerfall\/weitere-schritte\/\" \/>\n<meta property=\"og:site_name\" content=\"Seelenfrieden Test\" \/>\n<meta property=\"article:modified_time\" content=\"2020-08-29T15:17:32+00:00\" \/>\n<meta name=\"twitter:card\" content=\"summary_large_image\" \/>\n<script type=\"application\/ld+json\" class=\"yoast-schema-graph\">{\"@context\":\"https:\/\/schema.org\",\"@graph\":[{\"@type\":\"Organization\",\"@id\":\"https:\/\/www.sp.sknetworx.at\/seelenfrieden\/#organization\",\"name\":\"BESTATTUNG Seelenfrieden GmbH\",\"url\":\"https:\/\/www.sp.sknetworx.at\/seelenfrieden\/\",\"sameAs\":[],\"logo\":{\"@type\":\"ImageObject\",\"@id\":\"https:\/\/www.sp.sknetworx.at\/seelenfrieden\/#logo\",\"inLanguage\":\"de-AT\",\"url\":\"https:\/\/www.sp.sknetworx.at\/seelenfrieden\/wp-content\/uploads\/2020\/07\/Seelenfrieden_Logo.png\",\"width\":1200,\"height\":612,\"caption\":\"BESTATTUNG Seelenfrieden GmbH\"},\"image\":{\"@id\":\"https:\/\/www.sp.sknetworx.at\/seelenfrieden\/#logo\"}},{\"@type\":\"WebSite\",\"@id\":\"https:\/\/www.sp.sknetworx.at\/seelenfrieden\/#website\",\"url\":\"https:\/\/www.sp.sknetworx.at\/seelenfrieden\/\",\"name\":\"Seelenfrieden Test\",\"description\":\"\",\"publisher\":{\"@id\":\"https:\/\/www.sp.sknetworx.at\/seelenfrieden\/#organization\"},\"potentialAction\":[{\"@type\":\"SearchAction\",\"target\":\"https:\/\/www.sp.sknetworx.at\/seelenfrieden\/?s={search_term_string}\",\"query-input\":\"required name=search_term_string\"}],\"inLanguage\":\"de-AT\"},{\"@type\":\"WebPage\",\"@id\":\"https:\/\/www.bestattung-seelenfrieden.at\/im-trauerfall\/weitere-schritte\/#webpage\",\"url\":\"https:\/\/www.bestattung-seelenfrieden.at\/im-trauerfall\/weitere-schritte\/\",\"name\":\"BESTATTUNG Seelenfrieden GmbH, Kapfenberg-Schirmitzb\\u00fchel \\u2026\",\"isPartOf\":{\"@id\":\"https:\/\/www.sp.sknetworx.at\/seelenfrieden\/#website\"},\"datePublished\":\"2020-06-16T09:48:56+00:00\",\"dateModified\":\"2020-08-29T15:17:32+00:00\",\"description\":\"Zu Bestattung Seelenfrieden GmbH in Kapfenberg-Schirmitzb\\u00fchel finden Sie \\u2713 E-Mail \\u2713 Adresse \\u2713 Homepage \\u2012 eingetragen unter Bestattung ...\",\"inLanguage\":\"de-AT\",\"potentialAction\":[{\"@type\":\"ReadAction\",\"target\":[\"https:\/\/www.bestattung-seelenfrieden.at\/im-trauerfall\/weitere-schritte\/\"]}]}]}<\/script>\n<!-- \/ Yoast SEO plugin. -->","amp_validity":null,"amp_enabled":true,"_links":{"self":[{"href":"https:\/\/www.sp.sknetworx.at\/seelenfrieden\/wp-json\/wp\/v2\/pages\/98"}],"collection":[{"href":"https:\/\/www.sp.sknetworx.at\/seelenfrieden\/wp-json\/wp\/v2\/pages"}],"about":[{"href":"https:\/\/www.sp.sknetworx.at\/seelenfrieden\/wp-json\/wp\/v2\/types\/page"}],"author":[{"embeddable":true,"href":"https:\/\/www.sp.sknetworx.at\/seelenfrieden\/wp-json\/wp\/v2\/users\/1"}],"replies":[{"embeddable":true,"href":"https:\/\/www.sp.sknetworx.at\/seelenfrieden\/wp-json\/wp\/v2\/comments?post=98"}],"version-history":[{"count":11,"href":"https:\/\/www.sp.sknetworx.at\/seelenfrieden\/wp-json\/wp\/v2\/pages\/98\/revisions"}],"predecessor-version":[{"id":696,"href":"https:\/\/www.sp.sknetworx.at\/seelenfrieden\/wp-json\/wp\/v2\/pages\/98\/revisions\/696"}],"up":[{"embeddable":true,"href":"https:\/\/www.sp.sknetworx.at\/seelenfrieden\/wp-json\/wp\/v2\/pages\/49"}],"wp:attachment":[{"href":"https:\/\/www.sp.sknetworx.at\/seelenfrieden\/wp-json\/wp\/v2\/media?parent=98"}],"curies":[{"name":"wp","href":"https:\/\/api.w.org\/{rel}","templated":true}]}}