{"id":89,"date":"2020-06-16T09:39:23","date_gmt":"2020-06-16T09:39:23","guid":{"rendered":"https:\/\/www.sp.sknetworx.at\/seelenfrieden\/?page_id=89"},"modified":"2020-08-28T17:12:20","modified_gmt":"2020-08-28T17:12:20","slug":"was-uns-ein-anliegen-ist","status":"publish","type":"page","link":"https:\/\/www.sp.sknetworx.at\/seelenfrieden\/wir-uber-uns\/was-uns-ein-anliegen-ist\/","title":{"rendered":"Was uns ein Anliegen ist"},"content":{"rendered":"\n<p>In unserer Gesellschaft ist der Tod ein verdr\u00e4ngtes Tabuthema, wird es doch mit Angst, Abschied, Leid und Schmerz assoziiert. Dies h\u00e4lt ihn aber nicht davon ab, immer wieder in unser Leben zu treten. Und gehen wir bewusst durch unser Leben, m\u00fcssen wir zugeben, dass gerade er es ist, der uns immer wieder daran erinnert, wie schnell es vorbei sein kann und <strong>wie wertvoll Leben ist<\/strong>.  <\/p>\n\n\n\n<p>Genau diese Tatsache nehmen wir zum Anlass, dem Tod wieder seinen kommunikativen Platz im Leben\/in unserer Gesellschaft zu verleihen, indem wir ihn thematisieren und dadurch enttabuisieren. <strong>Reden wir dar\u00fcber!<\/strong><\/p>\n\n\n\n<p>Mit dieser Intention werden wir zu allen Themen rund um den Tod (z. B. \u00fcber Trauer, Trauerbegleitung, Sternenkinder, Seelenfrieden oder auch dar\u00fcber, wie Kinder mit diesem Thema umgehen, soferne sie nicht schon von klein auf davon ferngehalten werden), aber auch rund um &#8220;Leben\/Lebendigkeit\/Spa\u00df\/Freude&#8221; Veranstaltungen ins Leben rufen. &#8211; Denn ja, es darf und soll v. a. auch viel gelacht werden im Leben; denn Lachen ist gesund und auch ein Paramater f\u00fcr Gl\u00fccksempfinden!<\/p>\n\n\n\n<p>Daran sollten wir uns t\u00e4glich erinnern &#8211; oder besser noch &#8211; wir sollten es an jedem einzelnen Tag unseres wertvollen Lebens <strong>tun<\/strong>. Denn nicht umsonst antworten immer wieder alte Menschen auf die Frage hin, was sie denn anders machen w\u00fcrden, wenn sie nochmals die Chance dazu bek\u00e4men: &#8220;H\u00e4tte ich doch nur weniger gearbeitet, mehr gelacht und den Menschen in meinem Herzen viel \u00f6fter gesagt, dass ich sie liebe.&#8221; Und &#8211; wer wei\u00df, vielleicht ist das Scheiden von dieser Welt am Ende leichter, wenn man nicht das Gef\u00fchl hat, zu wenig (bewusst) &#8220;gelebt&#8221; zu haben.<\/p>\n\n\n\n<p>Auch wollen wir die Hemmschwelle zum Thema &#8220;Tod&#8221; noch weiter gl\u00e4tten, indem wir Urnen zum Selber-Bemalen anbieten. Nicht nur Kinder k\u00f6nnen das Bed\u00fcrfnis versp\u00fcren, sich einem geliebten verstorbenen Menschen noch ein letztes Mal verbunden zu f\u00fchlen und diesem noch ein Mal sehr nah sein zu wollen, bevor sie ihn f\u00fcr immer &#8220;loslassen&#8221; m\u00fcssen\u2026 <\/p>\n\n\n\n<p><strong>Mensch sein. <\/strong><br><strong>Mensch bleiben. <\/strong><br><strong>Bis zum Schluss.<\/strong><\/p>\n\n\n\n<p>Weiteres ersehen Sie unter <a href=\"https:\/\/www.sp.sknetworx.at\/seelenfrieden\/wissenswertes-2\/termine\/\">Termine.<\/a><\/p>\n","protected":false},"excerpt":{"rendered":"<p>In unserer Gesellschaft ist der Tod ein verdr\u00e4ngtes Tabuthema, wird es doch mit Angst, Abschied, Leid und Schmerz assoziiert. Dies h\u00e4lt ihn aber nicht davon ab, immer wieder in unser Leben zu treten. Und gehen wir bewusst durch unser Leben, m\u00fcssen wir zugeben, dass gerade er es ist, der uns immer wieder daran erinnert, wie&hellip;&nbsp;<a href=\"https:\/\/www.sp.sknetworx.at\/seelenfrieden\/wir-uber-uns\/was-uns-ein-anliegen-ist\/\" class=\"\" rel=\"bookmark\">Weiterlesen &raquo;<span class=\"screen-reader-text\">Was uns ein Anliegen ist<\/span><\/a><\/p>\n","protected":false},"author":1,"featured_media":0,"parent":37,"menu_order":0,"comment_status":"closed","ping_status":"closed","template":"","meta":{"neve_meta_sidebar":"full-width","neve_meta_container":"","neve_meta_enable_content_width":"on","neve_meta_content_width":100,"neve_meta_title_alignment":"","neve_meta_author_avatar":"","neve_post_elements_order":"","neve_meta_disable_header":"","neve_meta_disable_footer":"","neve_meta_disable_title":""},"yoast_head":"<!-- This site is optimized with the Yoast SEO plugin v15.1.1 - https:\/\/yoast.com\/wordpress\/plugins\/seo\/ -->\n<title>BESTATTUNG Seelenfrieden GmbH, Kapfenberg-Schirmitzb\u00fchel \u2026<\/title>\n<meta name=\"description\" content=\"Zu Bestattung Seelenfrieden GmbH in Kapfenberg-Schirmitzb\u00fchel finden Sie \u2713 E-Mail \u2713 Adresse \u2713 Homepage \u2012 eingetragen unter Bestattung ...\" \/>\n<meta name=\"robots\" content=\"index, follow, max-snippet:-1, max-image-preview:large, max-video-preview:-1\" \/>\n<link rel=\"canonical\" href=\"https:\/\/www.bestattung-seelenfrieden.at\/wir-uber-uns\/was-uns-ein-anliegen-ist\/\" \/>\n<meta property=\"og:locale\" content=\"de_DE\" \/>\n<meta property=\"og:type\" content=\"article\" \/>\n<meta property=\"og:title\" content=\"BESTATTUNG Seelenfrieden GmbH, Kapfenberg-Schirmitzb\u00fchel \u2026\" \/>\n<meta property=\"og:description\" content=\"Zu Bestattung Seelenfrieden GmbH in Kapfenberg-Schirmitzb\u00fchel finden Sie \u2713 E-Mail \u2713 Adresse \u2713 Homepage \u2012 eingetragen unter Bestattung ...\" \/>\n<meta property=\"og:url\" content=\"https:\/\/www.bestattung-seelenfrieden.at\/wir-uber-uns\/was-uns-ein-anliegen-ist\/\" \/>\n<meta property=\"og:site_name\" content=\"Seelenfrieden Test\" \/>\n<meta property=\"article:modified_time\" content=\"2020-08-28T17:12:20+00:00\" \/>\n<meta name=\"twitter:card\" content=\"summary_large_image\" \/>\n<script type=\"application\/ld+json\" class=\"yoast-schema-graph\">{\"@context\":\"https:\/\/schema.org\",\"@graph\":[{\"@type\":\"Organization\",\"@id\":\"https:\/\/www.sp.sknetworx.at\/seelenfrieden\/#organization\",\"name\":\"BESTATTUNG Seelenfrieden GmbH\",\"url\":\"https:\/\/www.sp.sknetworx.at\/seelenfrieden\/\",\"sameAs\":[],\"logo\":{\"@type\":\"ImageObject\",\"@id\":\"https:\/\/www.sp.sknetworx.at\/seelenfrieden\/#logo\",\"inLanguage\":\"de-AT\",\"url\":\"https:\/\/www.sp.sknetworx.at\/seelenfrieden\/wp-content\/uploads\/2020\/07\/Seelenfrieden_Logo.png\",\"width\":1200,\"height\":612,\"caption\":\"BESTATTUNG Seelenfrieden GmbH\"},\"image\":{\"@id\":\"https:\/\/www.sp.sknetworx.at\/seelenfrieden\/#logo\"}},{\"@type\":\"WebSite\",\"@id\":\"https:\/\/www.sp.sknetworx.at\/seelenfrieden\/#website\",\"url\":\"https:\/\/www.sp.sknetworx.at\/seelenfrieden\/\",\"name\":\"Seelenfrieden Test\",\"description\":\"\",\"publisher\":{\"@id\":\"https:\/\/www.sp.sknetworx.at\/seelenfrieden\/#organization\"},\"potentialAction\":[{\"@type\":\"SearchAction\",\"target\":\"https:\/\/www.sp.sknetworx.at\/seelenfrieden\/?s={search_term_string}\",\"query-input\":\"required name=search_term_string\"}],\"inLanguage\":\"de-AT\"},{\"@type\":\"WebPage\",\"@id\":\"https:\/\/www.bestattung-seelenfrieden.at\/wir-uber-uns\/was-uns-ein-anliegen-ist\/#webpage\",\"url\":\"https:\/\/www.bestattung-seelenfrieden.at\/wir-uber-uns\/was-uns-ein-anliegen-ist\/\",\"name\":\"BESTATTUNG Seelenfrieden GmbH, Kapfenberg-Schirmitzb\\u00fchel \\u2026\",\"isPartOf\":{\"@id\":\"https:\/\/www.sp.sknetworx.at\/seelenfrieden\/#website\"},\"datePublished\":\"2020-06-16T09:39:23+00:00\",\"dateModified\":\"2020-08-28T17:12:20+00:00\",\"description\":\"Zu Bestattung Seelenfrieden GmbH in Kapfenberg-Schirmitzb\\u00fchel finden Sie \\u2713 E-Mail \\u2713 Adresse \\u2713 Homepage \\u2012 eingetragen unter Bestattung ...\",\"inLanguage\":\"de-AT\",\"potentialAction\":[{\"@type\":\"ReadAction\",\"target\":[\"https:\/\/www.bestattung-seelenfrieden.at\/wir-uber-uns\/was-uns-ein-anliegen-ist\/\"]}]}]}<\/script>\n<!-- \/ Yoast SEO plugin. -->","amp_validity":null,"amp_enabled":true,"_links":{"self":[{"href":"https:\/\/www.sp.sknetworx.at\/seelenfrieden\/wp-json\/wp\/v2\/pages\/89"}],"collection":[{"href":"https:\/\/www.sp.sknetworx.at\/seelenfrieden\/wp-json\/wp\/v2\/pages"}],"about":[{"href":"https:\/\/www.sp.sknetworx.at\/seelenfrieden\/wp-json\/wp\/v2\/types\/page"}],"author":[{"embeddable":true,"href":"https:\/\/www.sp.sknetworx.at\/seelenfrieden\/wp-json\/wp\/v2\/users\/1"}],"replies":[{"embeddable":true,"href":"https:\/\/www.sp.sknetworx.at\/seelenfrieden\/wp-json\/wp\/v2\/comments?post=89"}],"version-history":[{"count":17,"href":"https:\/\/www.sp.sknetworx.at\/seelenfrieden\/wp-json\/wp\/v2\/pages\/89\/revisions"}],"predecessor-version":[{"id":598,"href":"https:\/\/www.sp.sknetworx.at\/seelenfrieden\/wp-json\/wp\/v2\/pages\/89\/revisions\/598"}],"up":[{"embeddable":true,"href":"https:\/\/www.sp.sknetworx.at\/seelenfrieden\/wp-json\/wp\/v2\/pages\/37"}],"wp:attachment":[{"href":"https:\/\/www.sp.sknetworx.at\/seelenfrieden\/wp-json\/wp\/v2\/media?parent=89"}],"curies":[{"name":"wp","href":"https:\/\/api.w.org\/{rel}","templated":true}]}}