{"id":86,"date":"2020-06-16T09:33:04","date_gmt":"2020-06-16T09:33:04","guid":{"rendered":"https:\/\/www.sp.sknetworx.at\/seelenfrieden\/?page_id=86"},"modified":"2020-08-04T14:46:38","modified_gmt":"2020-08-04T14:46:38","slug":"womit-wir-ihnen-dienen-konnen","status":"publish","type":"page","link":"https:\/\/www.sp.sknetworx.at\/seelenfrieden\/wir-uber-uns\/womit-wir-ihnen-dienen-konnen\/","title":{"rendered":"Womit wir Ihnen dienen k\u00f6nnen"},"content":{"rendered":"\n<ul><li>Organisation von Erdbestattungen<\/li><li>Organisation von Feuerbestattungen<\/li><li>Diamantenbestattung<\/li><li>Seebestattung<\/li><li>Flussbestattung<\/li><li>Weltraumbestattung<\/li><li>Alles rund um die Trauerfeier (Leitung, Aufbahrung uvam.)<\/li><li>Beisetzung von Urnen<\/li><li>Durchf\u00fchrung von Toten\u00fcberf\u00fchrungen<\/li><li>Durchf\u00fchrung \u00e4sthetischer Konservierung von Verstorbenen<\/li><li>thanatopraktische T\u00e4tigkeiten<\/li><li>Beschaffung der erforderlichen Urkunden<\/li><li>Besorgung und das Richten der Grabstelle<\/li><li>Organisieren der Blumenspenden<\/li><li>Anliefern der Blumenspenden zur Grabstelle und dessen Entsorgung<\/li><li>Erstellung von Trauerdrucksorten (Parte und Sterbeandenken)<\/li><li>Aufgabe von Zeitungsanzeigen<\/li><li>Verst\u00e4ndigung von relevanten Vereinen<\/li><li>Organisation und Durchf\u00fchrung der Trauerfeierlichkeiten<\/li><li>Organisation\/Durchf\u00fchrung von Exhumierungen<\/li><li>Organisation des Aushubs und des Verschlie\u00dfens der Grabstelle<\/li><li>Organisation der Steinmetzarbeiten<\/li><li>Organisation der Redner<\/li><li>Organisation der Vorbeter<\/li><li>Organisation der Ch\u00f6re\/der Musik<\/li><li>Lebzeiten-Bestattungsauftrag<\/li><li>Fingerprint-Erinnerungsschmuck<\/li><li>weltweite \u00dcber- und R\u00fcckf\u00fchrungen<\/li><li>uvam.<\/li><\/ul>\n","protected":false},"excerpt":{"rendered":"<p>Organisation von Erdbestattungen Organisation von Feuerbestattungen Diamantenbestattung Seebestattung Flussbestattung Weltraumbestattung Alles rund um die Trauerfeier (Leitung, Aufbahrung uvam.) Beisetzung von Urnen Durchf\u00fchrung von Toten\u00fcberf\u00fchrungen Durchf\u00fchrung \u00e4sthetischer Konservierung von Verstorbenen thanatopraktische T\u00e4tigkeiten Beschaffung der erforderlichen Urkunden Besorgung und das Richten der Grabstelle Organisieren der Blumenspenden Anliefern der Blumenspenden zur Grabstelle und dessen Entsorgung Erstellung von Trauerdrucksorten&hellip;&nbsp;<a href=\"https:\/\/www.sp.sknetworx.at\/seelenfrieden\/wir-uber-uns\/womit-wir-ihnen-dienen-konnen\/\" class=\"\" rel=\"bookmark\">Weiterlesen &raquo;<span class=\"screen-reader-text\">Womit wir Ihnen dienen k\u00f6nnen<\/span><\/a><\/p>\n","protected":false},"author":1,"featured_media":0,"parent":37,"menu_order":0,"comment_status":"closed","ping_status":"closed","template":"","meta":{"neve_meta_sidebar":"full-width","neve_meta_container":"","neve_meta_enable_content_width":"on","neve_meta_content_width":100,"neve_meta_title_alignment":"","neve_meta_author_avatar":"","neve_post_elements_order":"","neve_meta_disable_header":"","neve_meta_disable_footer":"","neve_meta_disable_title":""},"yoast_head":"<!-- This site is optimized with the Yoast SEO plugin v15.1.1 - https:\/\/yoast.com\/wordpress\/plugins\/seo\/ -->\n<title>BESTATTUNG Seelenfrieden GmbH, Kapfenberg-Schirmitzb\u00fchel \u2026<\/title>\n<meta name=\"description\" content=\"Zu Bestattung Seelenfrieden GmbH in Kapfenberg-Schirmitzb\u00fchel finden Sie \u2713 E-Mail \u2713 Adresse \u2713 Homepage \u2012 eingetragen unter Bestattung ...\" \/>\n<meta name=\"robots\" content=\"index, follow, max-snippet:-1, max-image-preview:large, max-video-preview:-1\" \/>\n<link rel=\"canonical\" href=\"http:\/\/www.bestattung-seelenfrieden.at\/wir-uber-uns\/womit-wir-ihnen-dienen-konnen\/\" \/>\n<meta property=\"og:locale\" content=\"de_DE\" \/>\n<meta property=\"og:type\" content=\"article\" \/>\n<meta property=\"og:title\" content=\"BESTATTUNG Seelenfrieden GmbH, Kapfenberg-Schirmitzb\u00fchel \u2026\" \/>\n<meta property=\"og:description\" content=\"Zu Bestattung Seelenfrieden GmbH in Kapfenberg-Schirmitzb\u00fchel finden Sie \u2713 E-Mail \u2713 Adresse \u2713 Homepage \u2012 eingetragen unter Bestattung ...\" \/>\n<meta property=\"og:url\" content=\"http:\/\/www.bestattung-seelenfrieden.at\/wir-uber-uns\/womit-wir-ihnen-dienen-konnen\/\" \/>\n<meta property=\"og:site_name\" content=\"Seelenfrieden Test\" \/>\n<meta property=\"article:modified_time\" content=\"2020-08-04T14:46:38+00:00\" \/>\n<meta name=\"twitter:card\" content=\"summary_large_image\" \/>\n<script type=\"application\/ld+json\" class=\"yoast-schema-graph\">{\"@context\":\"https:\/\/schema.org\",\"@graph\":[{\"@type\":\"Organization\",\"@id\":\"https:\/\/www.sp.sknetworx.at\/seelenfrieden\/#organization\",\"name\":\"BESTATTUNG Seelenfrieden GmbH\",\"url\":\"https:\/\/www.sp.sknetworx.at\/seelenfrieden\/\",\"sameAs\":[],\"logo\":{\"@type\":\"ImageObject\",\"@id\":\"https:\/\/www.sp.sknetworx.at\/seelenfrieden\/#logo\",\"inLanguage\":\"de-AT\",\"url\":\"https:\/\/www.sp.sknetworx.at\/seelenfrieden\/wp-content\/uploads\/2020\/07\/Seelenfrieden_Logo.png\",\"width\":1200,\"height\":612,\"caption\":\"BESTATTUNG Seelenfrieden GmbH\"},\"image\":{\"@id\":\"https:\/\/www.sp.sknetworx.at\/seelenfrieden\/#logo\"}},{\"@type\":\"WebSite\",\"@id\":\"https:\/\/www.sp.sknetworx.at\/seelenfrieden\/#website\",\"url\":\"https:\/\/www.sp.sknetworx.at\/seelenfrieden\/\",\"name\":\"Seelenfrieden Test\",\"description\":\"\",\"publisher\":{\"@id\":\"https:\/\/www.sp.sknetworx.at\/seelenfrieden\/#organization\"},\"potentialAction\":[{\"@type\":\"SearchAction\",\"target\":\"https:\/\/www.sp.sknetworx.at\/seelenfrieden\/?s={search_term_string}\",\"query-input\":\"required name=search_term_string\"}],\"inLanguage\":\"de-AT\"},{\"@type\":\"WebPage\",\"@id\":\"http:\/\/www.bestattung-seelenfrieden.at\/wir-uber-uns\/womit-wir-ihnen-dienen-konnen\/#webpage\",\"url\":\"http:\/\/www.bestattung-seelenfrieden.at\/wir-uber-uns\/womit-wir-ihnen-dienen-konnen\/\",\"name\":\"BESTATTUNG Seelenfrieden GmbH, Kapfenberg-Schirmitzb\\u00fchel \\u2026\",\"isPartOf\":{\"@id\":\"https:\/\/www.sp.sknetworx.at\/seelenfrieden\/#website\"},\"datePublished\":\"2020-06-16T09:33:04+00:00\",\"dateModified\":\"2020-08-04T14:46:38+00:00\",\"description\":\"Zu Bestattung Seelenfrieden GmbH in Kapfenberg-Schirmitzb\\u00fchel finden Sie \\u2713 E-Mail \\u2713 Adresse \\u2713 Homepage \\u2012 eingetragen unter Bestattung ...\",\"inLanguage\":\"de-AT\",\"potentialAction\":[{\"@type\":\"ReadAction\",\"target\":[\"http:\/\/www.bestattung-seelenfrieden.at\/wir-uber-uns\/womit-wir-ihnen-dienen-konnen\/\"]}]}]}<\/script>\n<!-- \/ Yoast SEO plugin. -->","amp_validity":null,"amp_enabled":true,"_links":{"self":[{"href":"https:\/\/www.sp.sknetworx.at\/seelenfrieden\/wp-json\/wp\/v2\/pages\/86"}],"collection":[{"href":"https:\/\/www.sp.sknetworx.at\/seelenfrieden\/wp-json\/wp\/v2\/pages"}],"about":[{"href":"https:\/\/www.sp.sknetworx.at\/seelenfrieden\/wp-json\/wp\/v2\/types\/page"}],"author":[{"embeddable":true,"href":"https:\/\/www.sp.sknetworx.at\/seelenfrieden\/wp-json\/wp\/v2\/users\/1"}],"replies":[{"embeddable":true,"href":"https:\/\/www.sp.sknetworx.at\/seelenfrieden\/wp-json\/wp\/v2\/comments?post=86"}],"version-history":[{"count":7,"href":"https:\/\/www.sp.sknetworx.at\/seelenfrieden\/wp-json\/wp\/v2\/pages\/86\/revisions"}],"predecessor-version":[{"id":335,"href":"https:\/\/www.sp.sknetworx.at\/seelenfrieden\/wp-json\/wp\/v2\/pages\/86\/revisions\/335"}],"up":[{"embeddable":true,"href":"https:\/\/www.sp.sknetworx.at\/seelenfrieden\/wp-json\/wp\/v2\/pages\/37"}],"wp:attachment":[{"href":"https:\/\/www.sp.sknetworx.at\/seelenfrieden\/wp-json\/wp\/v2\/media?parent=86"}],"curies":[{"name":"wp","href":"https:\/\/api.w.org\/{rel}","templated":true}]}}