{"id":546,"date":"2020-08-28T21:48:21","date_gmt":"2020-08-28T21:48:21","guid":{"rendered":"https:\/\/www.sp.sknetworx.at\/seelenfrieden\/?page_id=546"},"modified":"2020-08-31T18:21:45","modified_gmt":"2020-08-31T16:21:45","slug":"faqs","status":"publish","type":"page","link":"https:\/\/www.sp.sknetworx.at\/seelenfrieden\/faqs\/","title":{"rendered":"FAQs"},"content":{"rendered":"\n<p><br><strong>Wie soll ich mich als Trauergast bei einem Begr\u00e4bnis\/bei einer Trauerfeier verhalten?<\/strong><br>Das Corona-Virus h\u00e4lt die Menschheit noch immer in Schach. Leider beeintr\u00e4chtigt es uns auch punkto Beerdigungen\/Verabschiedungen, als dass auch die Bekundung der Anteilnahme dadurch zum Teil sehr eingeschr\u00e4nkt ist. Dennoch gilt es, diesbez\u00fcgliche Vorgaben einzuhalten:<\/p>\n\n\n\n<p><\/p>\n\n\n\n<ul><li>Beim Betreten \u00f6ffentlicher Orte im Freien ist gegen\u00fcber Personen, die nicht im gemeinsamen Haushalt leben, ein Abstand von mindestens einem Meter einzuhalten.<\/li><li>Personen, die in einem gemeinsamen Haushalt leben, sollen als Gruppe beisammenbleiben. Solche \u201eHaushaltsgruppen\u201c sollen zu allen anderen Gruppen gen\u00fcgend Abstand halten.<\/li><li>Beim Betreten \u00f6ffentlicher Orte in geschlossenen R\u00e4umen ist gegen\u00fcber Personen, die nicht im gemeinsamen Haushalt leben, ein Abstand von mindestens einem Meter einzuhalten und eine den Mund- und Nasenbereich abdeckende mechanische Schutzvorrichtung zu tragen. Das gilt somit auch f\u00fcr Kirchen, Aufbahrungs-\/Leichenhallen.<\/li><li>KEIN K\u00d6RPERKONTAKT \u2013 kein Handgeben zwecks Kondulenz oder Gru\u00df, keine Umarmungen zwecks Bekundung der Anteilnahme<\/li><li>Ebenfalls ist dieser Abstand zum Konduktpersonal einzuhalten.<\/li><li>Die Verabschiedung am offenen Grab sollte erst dann erfolgen, wenn die Sargtr\u00e4ger und der Priester bzw. Trauerredner das Grab verlassen haben. Diese sollte auch einzeln und unter Einhaltung des notwendigen Abstands erfolgen.<\/li><\/ul>\n\n\n\n<strong>Gibt es bei Begr\u00e4bnissen \/ Trauerfeiern (noch) Einschr\u00e4nkungen?<\/strong><p align=\"justify\">Wie schon im ersten Punkt erw\u00e4hnt, ist die maximale Teilnehmerzahl mit 100 Personen bei Begr\u00e4bnissen begrenzt. Wir Bestatter sind dennoch bem\u00fcht \u2013 trotz Einschr\u00e4nkungen \u2013 Begr\u00e4bnisse bzw. Trauerfeiern w\u00fcrdevoll durchzuf\u00fchren. Das ist speziell f\u00fcr die nahen Verwandten und deren Trauerarbeit besonders wichtig! Dennoch gilt unver\u00e4ndert, dass m\u00f6glichst alles getan wird, um die COVID-19-Ansteckungsgefahr hinten zu halten. So sind (orts-) \u00fcbliche Rituale anders.<br>Zum Beispiel:<\/p>\n\n\n\n<ul><li>KEIN Weihwasser, KEIN Aspergill (bei r\u00f6misch katholisch ausgerichtetem Begr\u00e4bnis)<\/li><li>KEIN Kondolenzbuch<\/li><li>KEIN Nachwerfen von Erde in das offene Grab<\/li><\/ul>\n\n\n\n<p>Um die genauen Details zu einem bestimmten Begr\u00e4bnis\/zu einer bestimmten Trauerfeier zu erfahren, fragen Sie bitte bei uns nach.<br><br><strong>Wer darf\/muss ein Begr\u00e4bnis bestellen bzw. es beauftragen?<\/strong><br>Unver\u00e4ndert jene Personengruppe, die normal auch ohne Krise die Bestattung einer Person aufgrund des jeweiligen Landesleichengesetzes dazu verpflichtet ist.<\/p>\n\n\n\n<strong>Gibt es Vorschriften f\u00fcr Kunden bei der Bestellung von Begr\u00e4bnissen bzw. Trauerfeiern?<\/strong><p align=\"justify\">Die Bestellung beim Bestatter hat unter den allgemeinen Vorschriften zu erfolgen. Es m\u00fcssen die Kunden (und das Bestattungspersonal) eine den Mund- und Nasenbereich abdeckende mechanische Schutzvorrichtung tragen. Weiters ist gegen\u00fcber Personen, die nicht im gemeinsamen Haushalt leben, ein Abstand von mindestens einem Meter einzuhalten und pro Kunde muss eine Fl\u00e4che von 10 m\u00b2 Raumfl\u00e4che zur Verf\u00fcgung stehen.<\/p>\n\n\n\n<strong>Welche Arten von Begr\u00e4bnissen d\u00fcrfen durchgef\u00fchrt werden?<\/strong><p align=\"justify\">Auch jetzt d\u00fcrfen in \u00d6sterreich die \u00fcblichen Bestattungsarten stattfinden. Erdbestattungen und Gruftbeisetzungen sind sehr zeitnahe durchzuf\u00fchren. Bei der Feuerbestattung kann die Urne auch zu einem sp\u00e4teren Zeitpunkt, wenn kein Versammlungsverbot mehr besteht, \u201eim normalen Rahmen\u201c verabschiedet werden.<\/p>\n\n\n\n<strong>Sind COVID-19-Verstorbene ansteckend?<\/strong><p align=\"justify\">Diese Frage ist grunds\u00e4tzlich mit &#8220;Ja!&#8221; zu beantworten, wobei das Infektionsrisiko gegen\u00fcber dem lebenden K\u00f6rper deutlich minimiert ist. Bei einem Leichnam entstehen viel weniger Aerosole als bei der Behandlung von Patienten im medizinischen Bereich im Krankenhaus. Wenn COVID-19-Patienten versterben, wird dies grunds\u00e4tzlich in Spit\u00e4lern geschehen. Unabh\u00e4ngig davon m\u00fcssen die jeweiligen Hygienema\u00dfnahmen angewendet werden \u2013 egal ob in der Prosektur des Krankenhauses oder durch den Bestatter. Danach ist von keiner Ansteckungsgefahr weiteren auszugehen.<\/p>\n","protected":false},"excerpt":{"rendered":"<p>Wie soll ich mich als Trauergast bei einem Begr\u00e4bnis\/bei einer Trauerfeier verhalten?Das Corona-Virus h\u00e4lt die Menschheit noch immer in Schach. Leider beeintr\u00e4chtigt es uns auch punkto Beerdigungen\/Verabschiedungen, als dass auch die Bekundung der Anteilnahme dadurch zum Teil sehr eingeschr\u00e4nkt ist. Dennoch gilt es, diesbez\u00fcgliche Vorgaben einzuhalten: Beim Betreten \u00f6ffentlicher Orte im Freien ist gegen\u00fcber Personen,&hellip;&nbsp;<a href=\"https:\/\/www.sp.sknetworx.at\/seelenfrieden\/faqs\/\" class=\"\" rel=\"bookmark\">Weiterlesen &raquo;<span class=\"screen-reader-text\">FAQs<\/span><\/a><\/p>\n","protected":false},"author":1,"featured_media":0,"parent":0,"menu_order":0,"comment_status":"closed","ping_status":"closed","template":"","meta":{"neve_meta_sidebar":"full-width","neve_meta_container":"","neve_meta_enable_content_width":"on","neve_meta_content_width":100,"neve_meta_title_alignment":"","neve_meta_author_avatar":"","neve_post_elements_order":"","neve_meta_disable_header":"","neve_meta_disable_footer":"","neve_meta_disable_title":""},"yoast_head":"<!-- This site is optimized with the Yoast SEO plugin v15.1.1 - https:\/\/yoast.com\/wordpress\/plugins\/seo\/ -->\n<title>BESTATTUNG Seelenfrieden GmbH, Kapfenberg-Schirmitzb\u00fchel \u2026<\/title>\n<meta name=\"description\" content=\"Zu Bestattung Seelenfrieden GmbH in Kapfenberg-Schirmitzb\u00fchel finden Sie \u2713 E-Mail \u2713 Adresse \u2713 Homepage \u2012 eingetragen unter Bestattung ...\" \/>\n<meta name=\"robots\" content=\"index, follow, max-snippet:-1, max-image-preview:large, max-video-preview:-1\" \/>\n<link rel=\"canonical\" href=\"https:\/\/www.bestattung-seelenfrieden.at\/faqs\/\" \/>\n<meta property=\"og:locale\" content=\"de_DE\" \/>\n<meta property=\"og:type\" content=\"article\" \/>\n<meta property=\"og:title\" content=\"BESTATTUNG Seelenfrieden GmbH, Kapfenberg-Schirmitzb\u00fchel \u2026\" \/>\n<meta property=\"og:description\" content=\"Zu Bestattung Seelenfrieden GmbH in Kapfenberg-Schirmitzb\u00fchel finden Sie \u2713 E-Mail \u2713 Adresse \u2713 Homepage \u2012 eingetragen unter Bestattung ...\" \/>\n<meta property=\"og:url\" content=\"https:\/\/www.bestattung-seelenfrieden.at\/faqs\/\" \/>\n<meta property=\"og:site_name\" content=\"Seelenfrieden Test\" \/>\n<meta property=\"article:modified_time\" content=\"2020-08-31T16:21:45+00:00\" \/>\n<meta name=\"twitter:card\" content=\"summary_large_image\" \/>\n<script type=\"application\/ld+json\" class=\"yoast-schema-graph\">{\"@context\":\"https:\/\/schema.org\",\"@graph\":[{\"@type\":\"Organization\",\"@id\":\"https:\/\/www.sp.sknetworx.at\/seelenfrieden\/#organization\",\"name\":\"BESTATTUNG Seelenfrieden GmbH\",\"url\":\"https:\/\/www.sp.sknetworx.at\/seelenfrieden\/\",\"sameAs\":[],\"logo\":{\"@type\":\"ImageObject\",\"@id\":\"https:\/\/www.sp.sknetworx.at\/seelenfrieden\/#logo\",\"inLanguage\":\"de-AT\",\"url\":\"https:\/\/www.sp.sknetworx.at\/seelenfrieden\/wp-content\/uploads\/2020\/07\/Seelenfrieden_Logo.png\",\"width\":1200,\"height\":612,\"caption\":\"BESTATTUNG Seelenfrieden GmbH\"},\"image\":{\"@id\":\"https:\/\/www.sp.sknetworx.at\/seelenfrieden\/#logo\"}},{\"@type\":\"WebSite\",\"@id\":\"https:\/\/www.sp.sknetworx.at\/seelenfrieden\/#website\",\"url\":\"https:\/\/www.sp.sknetworx.at\/seelenfrieden\/\",\"name\":\"Seelenfrieden Test\",\"description\":\"\",\"publisher\":{\"@id\":\"https:\/\/www.sp.sknetworx.at\/seelenfrieden\/#organization\"},\"potentialAction\":[{\"@type\":\"SearchAction\",\"target\":\"https:\/\/www.sp.sknetworx.at\/seelenfrieden\/?s={search_term_string}\",\"query-input\":\"required name=search_term_string\"}],\"inLanguage\":\"de-AT\"},{\"@type\":\"WebPage\",\"@id\":\"https:\/\/www.bestattung-seelenfrieden.at\/faqs\/#webpage\",\"url\":\"https:\/\/www.bestattung-seelenfrieden.at\/faqs\/\",\"name\":\"BESTATTUNG Seelenfrieden GmbH, Kapfenberg-Schirmitzb\\u00fchel \\u2026\",\"isPartOf\":{\"@id\":\"https:\/\/www.sp.sknetworx.at\/seelenfrieden\/#website\"},\"datePublished\":\"2020-08-28T21:48:21+00:00\",\"dateModified\":\"2020-08-31T16:21:45+00:00\",\"description\":\"Zu Bestattung Seelenfrieden GmbH in Kapfenberg-Schirmitzb\\u00fchel finden Sie \\u2713 E-Mail \\u2713 Adresse \\u2713 Homepage \\u2012 eingetragen unter Bestattung ...\",\"inLanguage\":\"de-AT\",\"potentialAction\":[{\"@type\":\"ReadAction\",\"target\":[\"https:\/\/www.bestattung-seelenfrieden.at\/faqs\/\"]}]}]}<\/script>\n<!-- \/ Yoast SEO plugin. -->","amp_validity":null,"amp_enabled":true,"_links":{"self":[{"href":"https:\/\/www.sp.sknetworx.at\/seelenfrieden\/wp-json\/wp\/v2\/pages\/546"}],"collection":[{"href":"https:\/\/www.sp.sknetworx.at\/seelenfrieden\/wp-json\/wp\/v2\/pages"}],"about":[{"href":"https:\/\/www.sp.sknetworx.at\/seelenfrieden\/wp-json\/wp\/v2\/types\/page"}],"author":[{"embeddable":true,"href":"https:\/\/www.sp.sknetworx.at\/seelenfrieden\/wp-json\/wp\/v2\/users\/1"}],"replies":[{"embeddable":true,"href":"https:\/\/www.sp.sknetworx.at\/seelenfrieden\/wp-json\/wp\/v2\/comments?post=546"}],"version-history":[{"count":67,"href":"https:\/\/www.sp.sknetworx.at\/seelenfrieden\/wp-json\/wp\/v2\/pages\/546\/revisions"}],"predecessor-version":[{"id":704,"href":"https:\/\/www.sp.sknetworx.at\/seelenfrieden\/wp-json\/wp\/v2\/pages\/546\/revisions\/704"}],"wp:attachment":[{"href":"https:\/\/www.sp.sknetworx.at\/seelenfrieden\/wp-json\/wp\/v2\/media?parent=546"}],"curies":[{"name":"wp","href":"https:\/\/api.w.org\/{rel}","templated":true}]}}