{"id":3,"date":"2020-06-15T04:37:01","date_gmt":"2020-06-15T04:37:01","guid":{"rendered":"https:\/\/www.sp.sknetworx.at\/seelenfrieden\/?page_id=3"},"modified":"2020-07-01T08:57:00","modified_gmt":"2020-07-01T08:57:00","slug":"datenschutzerklaerung","status":"publish","type":"page","link":"https:\/\/www.sp.sknetworx.at\/seelenfrieden\/kontakt\/datenschutzerklaerung\/","title":{"rendered":"Datenschutzerkl\u00e4rung"},"content":{"rendered":"\n<h3><strong>Datenschutz-Grundverordnung (DSGVO)<\/strong><\/h3>\n\n\n\n<p><strong>Information zur Datenverarbeitung gem. DSGV0<\/strong><br>Bei der BESTATTUNG Seelenfrieden GmbH wird Datenschutz ganz gro\u00df geschrieben; uns liegt der Schutz Ihrer personenbezogenen Daten sehr am Herzen! Personenbezogene Daten werden von uns nur in dem Ausma\u00df erhoben, verwendet, weiter gegeben, verwaltet und gespeichert, wie sie f\u00fcr die Abwicklung eines Auftrages erforderlich sind; und das nat\u00fcrlich konform der Grunds\u00e4tze der DSGVO.<\/p>\n\n\n\n<div style=\"height:20px\" aria-hidden=\"true\" class=\"wp-block-spacer\"><\/div>\n\n\n\n<h3><strong>Bei Fragen zur Datenverarbeitung<\/strong>&nbsp;&nbsp;&nbsp;&nbsp;&nbsp;&nbsp;&nbsp;&nbsp;&nbsp;&nbsp;&nbsp;&nbsp;&nbsp;&nbsp;&nbsp;&nbsp;&nbsp;&nbsp;&nbsp;&nbsp;&nbsp;&nbsp;&nbsp;&nbsp;&nbsp;&nbsp;&nbsp;&nbsp;&nbsp;<\/h3>\n\n\n\n<p>Haben Sie Fragen zur Verarbeitung Ihrer personenbezogenen Daten, z\u00f6gern Sie nicht, diese an uns zu richten; reden Sie mit uns:<\/p>\n\n\n\n<p><strong>BESTATTUNG Seelenfrieden GmbH<\/strong><br>J\u00fcrgen Gassner<br>Gesch\u00e4ftsf\u00fchrer<br>M: 0664 8844 5885<br><a href=\"mailto:willkommen@bestattung-seelenfrieden.at\">willkommen@bestattung-seelenfrieden.at<\/a>\u00a0\u00a0<\/p>\n\n\n\n<div style=\"height:20px\" aria-hidden=\"true\" class=\"wp-block-spacer\"><\/div>\n\n\n\n<h3><strong>Personenbezogene Daten<\/strong><\/h3>\n\n\n\n<p>Generell werden bei der BESTATTUNG Seelenfrieden GmbH nur jene personenbezogenen Daten elektronisch verarbeitet, welche wir f\u00fcr die Erf\u00fcllung eines Auftrages ben\u00f6tigen (bekannt gegebene, erhobene, \u00fcbermittelte Daten).<\/p>\n\n\n\n<p>Die Kategorie der Daten ergibt sich aus dem Inhalt des Auftrages, wie zB:<\/p>\n\n\n\n<ul><li>Kundenstammdaten (Anrede, Titel, Vorname(n), Familienname, Adresse, Telefonnummer(n),&nbsp;E-Mail-Adresse, Fax-Nummer)<\/li><li>Kundenvertragsdaten (Kundennummer, Grabnummer, Mietdauer, Vertragsbeginn, Vertragsende, Abrechnungsbetrag, Rechnungsnummer, Rechnungsinhalt, Zahlungsmodalit\u00e4ten)<\/li><\/ul>\n\n\n\n<div style=\"height:20px\" aria-hidden=\"true\" class=\"wp-block-spacer\"><\/div>\n\n\n\n<h3><strong>Zweck und Rechtsgrundlagen f\u00fcr die Verarbeitung<\/strong><\/h3>\n\n\n\n<p>Die BESTATTUNG Seelenfrieden GmbH verarbeitet personenbezogene Daten zur Erbringung von Dienstleistungen rund um das Thema Bestattung. Dabei kommen folgende Rechtsgrundlagen in Betracht:<\/p>\n\n\n\n<ul><li>Erf\u00fcllung von vertraglichen Pflichten (Art. 6 Abs. 1 lit. b DSGVO)<\/li><\/ul>\n\n\n\n<p>Zur Erf\u00fcllung Ihres individuellen Dienstleistungsauftrages erbringen wir bestimmte Leistungen.&nbsp;<\/p>\n\n\n\n<p>Die BESTATTUNG Seelenfrieden GmbH oder von ihr beauftragte Dritte verarbeiten Ihre personenbezogenen Daten zur Erf\u00fcllung des Vertrages mit Ihnen. Dies umfasst die Abrechnung der Dienstleistungen, den Versand von Rechnungen und ggf. Mahnungen, die Kommunikation zur Abwicklung des Vertrages sowie die Abwicklung von Zahlungen.<\/p>\n\n\n\n<p>Rechtsgrundlage f\u00fcr die Verarbeitung und Bereitstellung Ihrer personenbezogenen Daten ist somit die Verarbeitung zur Vertragserf\u00fcllung und Vertragsdurchf\u00fchrung. Ohne diese k\u00f6nnen wir den Vertrag nicht abschlie\u00dfen und abwickeln.&nbsp;<\/p>\n\n\n\n<p>Wenn betroffene Personen die Daten nicht zur Verf\u00fcgung stellen wollen, kann der Abschluss des Vertrages oder die Ausf\u00fchrung des Auftrags unter Umst\u00e4nden unm\u00f6glich sein. Ein bestehender&nbsp;&nbsp;Vertrag kann unter Umst\u00e4nden nicht mehr durchgef\u00fchrt werden und muss eventuell beendet werden.<\/p>\n\n\n\n<ul><li>Zur Erf\u00fcllung von rechtlichen Verpflichtungen (Art. 6 Abs. 1 lit. c DSGVO)<\/li><\/ul>\n\n\n\n<p>Die Verarbeitung personenbezogener Daten kann zum Zweck der Erf\u00fcllung unterschiedlicher gesetzlicher Verpflichtungen \u2013 wie die Erstellung des Jahresabschlusses, laufenden steuerrechtlichen Verpflichtungen sowie im Rahmen von Finanzpr\u00fcfungen &#8211; erfolgen. Ohne die Bereitstellung Ihrer Daten k\u00f6nnen wir unseren gesetzlichen Verpflichtungen nicht nachkommen.<\/p>\n\n\n\n<div style=\"height:20px\" aria-hidden=\"true\" class=\"wp-block-spacer\"><\/div>\n\n\n\n<h3><strong>Empf\u00e4ngerInnen Ihrer Daten<\/strong><\/h3>\n\n\n\n<p>Empf\u00e4ngerInnen Ihrer personenbezogenen Daten sind MitarbeiterInnen der BESTATTUNG Seelenfrieden GmbH, die diese entsprechend des Verwendungszweckes und der Rechtsgrundlage verarbeiten.<\/p>\n\n\n\n<p>Je nach Zweck der Verarbeitung geben wir Daten an von uns beauftragte Dritte weiter, sofern wir diese zur Erf\u00fcllung Ihres Auftrages ben\u00f6tigen.<\/p>\n\n\n\n<p>Auch unsere auftragsverarbeitenden Dritten sind zur Einhaltung der datenschutzrechtlichen Bestimmungen verpflichtet.<\/p>\n\n\n\n<p>Die erhobenen Daten werden nicht verkauft oder unbegr\u00fcndet an Unbeteiligte weitergegeben.<\/p>\n\n\n\n<div style=\"height:20px\" aria-hidden=\"true\" class=\"wp-block-spacer\"><\/div>\n\n\n\n<h3><strong>Kontakt<\/strong><\/h3>\n\n\n\n<p>Wenn Sie per Formular auf der Website oder per E-Mail Kontakt mit uns aufnehmen, werden Ihre angegebenen Daten zwecks Bearbeitung Ihrer Anfrage und f\u00fcr den Fall von Anschlussfragen sechs Monate bei uns gespeichert. Diese Daten geben wir nicht ohne Ihre Einwilligung weiter.<\/p>\n\n\n\n<div style=\"height:20px\" aria-hidden=\"true\" class=\"wp-block-spacer\"><\/div>\n\n\n\n<h3><strong><strong>Cookies<\/strong><\/strong><\/h3>\n\n\n\n<p>Unsere Website verwendet sogenannte Cookies. Dabei handelt es sich um kleine Textdateien, die mit Hilfe des Browsers auf Ihrem Endger\u00e4t abgelegt werden. Sie richten keinen Schaden an. Wir nutzen Cookies dazu, unser Angebot nutzerfreundlich zu gestalten. Einige Cookies bleiben auf Ihrem Endger\u00e4t gespeichert, bis Sie diese l\u00f6schen. Sie erm\u00f6glichen es uns, Ihren Browser beim n\u00e4chsten Besuch wieder zu erkennen. Wenn Sie es w\u00fcnschen, k\u00f6nnen Sie Ihren Browser so einrichten, dass er Sie \u00fcber das Setzen von Cookies informiert und Sie dies nur im Einzelfall erlauben. Bei der Deaktivierung von Cookies kann die Funktionalit\u00e4t unserer Website eingeschr\u00e4nkt sein.&nbsp;<\/p>\n\n\n\n<div style=\"height:20px\" aria-hidden=\"true\" class=\"wp-block-spacer\"><\/div>\n\n\n\n<h3><strong>Speicherdauer Ihrer Daten<\/strong><\/h3>\n\n\n\n<p>Wir speichern Daten grunds\u00e4tzlich nur so lange, wie dies zur Durchf\u00fchrung der vertraglichen oder rechtlichen Verpflichtung notwendig \u2013 und nach dem anwendbaren Recht \u2013 zul\u00e4ssig ist.<\/p>\n\n\n\n<div style=\"height:20px\" aria-hidden=\"true\" class=\"wp-block-spacer\"><\/div>\n\n\n\n<h3><strong>Ihre Rechte<\/strong><\/h3>\n\n\n\n<p>Sie haben jederzeit ein Recht auf Auskunft, Berichtigung, L\u00f6schung oder Einschr\u00e4nkung der Verarbeitung Ihrer gespeicherten Daten, ein Widerspruchsrecht gegen die Verarbeitung sowie ein Recht auf Daten\u00fcbertragbarkeit gem\u00e4\u00df den Voraussetzungen des Datenschutzrechts.&nbsp;&nbsp;<\/p>\n\n\n\n<p>Sollten Sie von diesem Recht Gebrauch machen wollen, k\u00f6nnen Sie dies formlos, ohne Angabe von Gr\u00fcnden, durch ein postalisches Schreiben an die Bestattung Seelenfrieden GmbH, Anton-Bruckner-Stra\u00dfe 40, 8605 Kapfenberg-Schirmitzb\u00fchel, oder per E-Mail an\u00a0<a href=\"mailto:willkommen@bestattung-seelenfrieden.at\">willkommen@bestattung-seelenfrieden.at<\/a> tun.\u00a0<\/p>\n\n\n\n<p>Sind Sie der Meinung, dass wir bei der Verarbeitung Ihrer Daten gegen \u00f6sterreichisches oder europ\u00e4isches Datenschutzrecht versto\u00dfen, so ersuchen wir Sie, mit uns Kontakt auf zu nehmen, um Ihre Bedenken kl\u00e4ren zu k\u00f6nnen. Reden wir dar\u00fcber! (Kontaktdaten siehe oben)\u00a0<\/p>\n\n\n\n<p>Es steht Ihnen aber auch frei, sich bei der Aufsichtsbeh\u00f6rde zu beschweren. In \u00d6sterreich ist dies die Datenschutzbeh\u00f6rde:<\/p>\n\n\n\n<p><strong>\u00d6sterreichische Datenschutzbeh\u00f6rde<br><\/strong>Wickenburggasse 8 \u2013 10<br>1080 Wien<br><a href=\"mailto:dsb@dsb.gv.at\">dsb@dsb.gv.at<\/a><\/p>\n\n\n\n<div style=\"height:20px\" aria-hidden=\"true\" class=\"wp-block-spacer\"><\/div>\n\n\n\n<p class=\"has-text-align-center\"><strong>Mensch sein. Mensch bleiben. Bis zum Schluss.<\/strong><\/p>\n\n\n\n<p class=\"has-text-align-center\">Ihre BESTATTUNG Seelenfrieden GmbH&nbsp;<\/p>\n\n\n\n<p class=\"has-text-align-right\">Kapfenberg, 01.07.2020<\/p>\n","protected":false},"excerpt":{"rendered":"<p>Datenschutz-Grundverordnung (DSGVO) Information zur Datenverarbeitung gem. DSGV0Bei der BESTATTUNG Seelenfrieden GmbH wird Datenschutz ganz gro\u00df geschrieben; uns liegt der Schutz Ihrer personenbezogenen Daten sehr am Herzen! Personenbezogene Daten werden von uns nur in dem Ausma\u00df erhoben, verwendet, weiter gegeben, verwaltet und gespeichert, wie sie f\u00fcr die Abwicklung eines Auftrages erforderlich sind; und das nat\u00fcrlich konform&hellip;&nbsp;<a href=\"https:\/\/www.sp.sknetworx.at\/seelenfrieden\/kontakt\/datenschutzerklaerung\/\" class=\"\" rel=\"bookmark\">Weiterlesen &raquo;<span class=\"screen-reader-text\">Datenschutzerkl\u00e4rung<\/span><\/a><\/p>\n","protected":false},"author":1,"featured_media":0,"parent":58,"menu_order":2,"comment_status":"closed","ping_status":"closed","template":"","meta":{"neve_meta_sidebar":"","neve_meta_container":"","neve_meta_enable_content_width":"off","neve_meta_content_width":0,"neve_meta_title_alignment":"","neve_meta_author_avatar":"","neve_post_elements_order":"","neve_meta_disable_header":"","neve_meta_disable_footer":"","neve_meta_disable_title":""},"yoast_head":"<!-- This site is optimized with the Yoast SEO plugin v15.1.1 - https:\/\/yoast.com\/wordpress\/plugins\/seo\/ -->\n<title>BESTATTUNG Seelenfrieden GmbH, Kapfenberg-Schirmitzb\u00fchel \u2026<\/title>\n<meta name=\"description\" content=\"Zu Bestattung Seelenfrieden GmbH in Kapfenberg-Schirmitzb\u00fchel finden Sie \u2713 E-Mail \u2713 Adresse \u2713 Homepage \u2012 eingetragen unter Bestattung ...\" \/>\n<meta name=\"robots\" content=\"index, follow, max-snippet:-1, max-image-preview:large, max-video-preview:-1\" \/>\n<link rel=\"canonical\" href=\"http:\/\/www.bestattung-seelenfrieden.at\/kontakt\/datenschutzerklaerung\/\" \/>\n<meta property=\"og:locale\" content=\"de_DE\" \/>\n<meta property=\"og:type\" content=\"article\" \/>\n<meta property=\"og:title\" content=\"BESTATTUNG Seelenfrieden GmbH, Kapfenberg-Schirmitzb\u00fchel \u2026\" \/>\n<meta property=\"og:description\" content=\"Zu Bestattung Seelenfrieden GmbH in Kapfenberg-Schirmitzb\u00fchel finden Sie \u2713 E-Mail \u2713 Adresse \u2713 Homepage \u2012 eingetragen unter Bestattung ...\" \/>\n<meta property=\"og:url\" content=\"http:\/\/www.bestattung-seelenfrieden.at\/kontakt\/datenschutzerklaerung\/\" \/>\n<meta property=\"og:site_name\" content=\"Seelenfrieden Test\" \/>\n<meta property=\"article:modified_time\" content=\"2020-07-01T08:57:00+00:00\" \/>\n<meta name=\"twitter:card\" content=\"summary_large_image\" \/>\n<script type=\"application\/ld+json\" class=\"yoast-schema-graph\">{\"@context\":\"https:\/\/schema.org\",\"@graph\":[{\"@type\":\"Organization\",\"@id\":\"https:\/\/www.sp.sknetworx.at\/seelenfrieden\/#organization\",\"name\":\"BESTATTUNG Seelenfrieden GmbH\",\"url\":\"https:\/\/www.sp.sknetworx.at\/seelenfrieden\/\",\"sameAs\":[],\"logo\":{\"@type\":\"ImageObject\",\"@id\":\"https:\/\/www.sp.sknetworx.at\/seelenfrieden\/#logo\",\"inLanguage\":\"de-AT\",\"url\":\"https:\/\/www.sp.sknetworx.at\/seelenfrieden\/wp-content\/uploads\/2020\/07\/Seelenfrieden_Logo.png\",\"width\":1200,\"height\":612,\"caption\":\"BESTATTUNG Seelenfrieden GmbH\"},\"image\":{\"@id\":\"https:\/\/www.sp.sknetworx.at\/seelenfrieden\/#logo\"}},{\"@type\":\"WebSite\",\"@id\":\"https:\/\/www.sp.sknetworx.at\/seelenfrieden\/#website\",\"url\":\"https:\/\/www.sp.sknetworx.at\/seelenfrieden\/\",\"name\":\"Seelenfrieden Test\",\"description\":\"\",\"publisher\":{\"@id\":\"https:\/\/www.sp.sknetworx.at\/seelenfrieden\/#organization\"},\"potentialAction\":[{\"@type\":\"SearchAction\",\"target\":\"https:\/\/www.sp.sknetworx.at\/seelenfrieden\/?s={search_term_string}\",\"query-input\":\"required name=search_term_string\"}],\"inLanguage\":\"de-AT\"},{\"@type\":\"WebPage\",\"@id\":\"http:\/\/www.bestattung-seelenfrieden.at\/kontakt\/datenschutzerklaerung\/#webpage\",\"url\":\"http:\/\/www.bestattung-seelenfrieden.at\/kontakt\/datenschutzerklaerung\/\",\"name\":\"BESTATTUNG Seelenfrieden GmbH, Kapfenberg-Schirmitzb\\u00fchel \\u2026\",\"isPartOf\":{\"@id\":\"https:\/\/www.sp.sknetworx.at\/seelenfrieden\/#website\"},\"datePublished\":\"2020-06-15T04:37:01+00:00\",\"dateModified\":\"2020-07-01T08:57:00+00:00\",\"description\":\"Zu Bestattung Seelenfrieden GmbH in Kapfenberg-Schirmitzb\\u00fchel finden Sie \\u2713 E-Mail \\u2713 Adresse \\u2713 Homepage \\u2012 eingetragen unter Bestattung ...\",\"inLanguage\":\"de-AT\",\"potentialAction\":[{\"@type\":\"ReadAction\",\"target\":[\"http:\/\/www.bestattung-seelenfrieden.at\/kontakt\/datenschutzerklaerung\/\"]}]}]}<\/script>\n<!-- \/ Yoast SEO plugin. -->","amp_validity":null,"amp_enabled":true,"_links":{"self":[{"href":"https:\/\/www.sp.sknetworx.at\/seelenfrieden\/wp-json\/wp\/v2\/pages\/3"}],"collection":[{"href":"https:\/\/www.sp.sknetworx.at\/seelenfrieden\/wp-json\/wp\/v2\/pages"}],"about":[{"href":"https:\/\/www.sp.sknetworx.at\/seelenfrieden\/wp-json\/wp\/v2\/types\/page"}],"author":[{"embeddable":true,"href":"https:\/\/www.sp.sknetworx.at\/seelenfrieden\/wp-json\/wp\/v2\/users\/1"}],"replies":[{"embeddable":true,"href":"https:\/\/www.sp.sknetworx.at\/seelenfrieden\/wp-json\/wp\/v2\/comments?post=3"}],"version-history":[{"count":13,"href":"https:\/\/www.sp.sknetworx.at\/seelenfrieden\/wp-json\/wp\/v2\/pages\/3\/revisions"}],"predecessor-version":[{"id":243,"href":"https:\/\/www.sp.sknetworx.at\/seelenfrieden\/wp-json\/wp\/v2\/pages\/3\/revisions\/243"}],"up":[{"embeddable":true,"href":"https:\/\/www.sp.sknetworx.at\/seelenfrieden\/wp-json\/wp\/v2\/pages\/58"}],"wp:attachment":[{"href":"https:\/\/www.sp.sknetworx.at\/seelenfrieden\/wp-json\/wp\/v2\/media?parent=3"}],"curies":[{"name":"wp","href":"https:\/\/api.w.org\/{rel}","templated":true}]}}