{"id":157,"date":"2020-06-29T06:52:50","date_gmt":"2020-06-29T06:52:50","guid":{"rendered":"https:\/\/www.sp.sknetworx.at\/seelenfrieden\/?page_id=157"},"modified":"2020-08-24T15:28:26","modified_gmt":"2020-08-24T15:28:26","slug":"friedhofs-knigge","status":"publish","type":"page","link":"https:\/\/www.sp.sknetworx.at\/seelenfrieden\/wissenswertes-2\/friedhofs-knigge\/","title":{"rendered":"Friedhofs-Knigge"},"content":{"rendered":"\n<h4>Friedhofs-\/Kirchen- oder Andachts-Knigge<\/h4>\n\n\n\n<p>Der Friedhof ist ein besonderer Ort (und keinesfalls ein Spielplatz). Hierher kommen Menschen, die um einen Angeh\u00f6rigen oder einen Freund trauern, der immer noch in deren Herzen sein Zuhause hat. Diese Menschen wollen entweder Andacht halten, sich dem Verstorbenen an diesem Ort nahe f\u00fchlen oder vielleicht auch in der Stille mit ihm sprechen. Vielleicht m\u00f6chten sie auch nur die Blumen auf seinem Grab begie\u00dfen oder eine Kerze anz\u00fcnden.<\/p>\n\n\n\n<p>Direkt bei einer Beerdigung ist die Trauerfeier der letzte gemeinsame Moment mit dem Verstorbenen. Da sind die Verletzlichkeit und der Schmerz besonders gro\u00df. Laute Ger\u00e4usche, grelle Farben oder Mobiltelefon-Klingelt\u00f6ne  sind dann sehr st\u00f6rend oder gar schmerzhaft f\u00fcr trauernde Menschen. Schlie\u00dflich sind diese in Begriff, f\u00fcr immer Abschied von einem geliebten Menschen zu nehmen, der bisher immer dazu geh\u00f6rt hat.<\/p>\n\n\n\n<div style=\"height:20px\" aria-hidden=\"true\" class=\"wp-block-spacer\"><\/div>\n\n\n\n<h3>Bitte beachten Sie \u2013 aus Gr\u00fcnden der Piet\u00e4t \u2013<br>am Friedhof und in der Kirche nachstehende Punkte:<\/h3>\n\n\n\n<ul><li>Bitte verhalten Sie sich am Friedhof und in der Kirche generell leise!<\/li><li>Bitte vermeiden Sie am Friedhof und in der Kirche generell zu leichte und freiz\u00fcgige Kleidungsst\u00fccke! Diese sind selbst bei gro\u00dfer Hitze unangebracht.<\/li><li>Bitte schalten Sie Ihr Mobiltelefon ganz aus oder nehmen Sie es erst gar nicht mit!<\/li><li>Bitte bleiben Sie bei einem Friedhofsbesuch still stehen, wenn ein Trauerzug am Grab vorbeikommt!<\/li><li>Achtung und Respekt f\u00fcr den Verstorbenen kann man durch kurzes Nicken oder durch Verbeugung in Richtung Sarg oder Urne ausdr\u00fccken.<\/li><li>Bitte halten Sie schweigende Andacht in der Trauerhalle! (Unterhaltung davor und danach ist o. k.)<\/li><li>Bitte lassen Sie die Sitzpl\u00e4tze in den vorderen Reihen f\u00fcr die Angeh\u00f6rigen frei! (Aufschlie\u00dfen ist erw\u00fcnscht.)<\/li><li>Bitte machen Sie w\u00e4hrend der Trauerfeier keine Fotos! (Davor oder danach ist o. k.)<\/li><li>Bitte gehen Sie im Trauerzug zum Grab schweigend und ruhig mit!<\/li><li>M\u00e4nner nehmen am Grab und in der Kirche bitte jegliche Kopfbedeckung ab!<\/li><li>Steht ein Erdwurf-Beh\u00e4lter am Grab, schlie\u00dft man (wenn man m\u00f6chte) mit dem (dreifachen) Erdwurf symbolisch das Grab ab.<\/li><li>Alternativ k\u00f6nnen Blumenbl\u00e4tter oder einzelne Rosen\/Blumen &#8211; als letzten Gru\u00df an den Verstorbenen &#8211; nachgeworfen werden.<\/li><li>Das Kondulieren mit Handschlag z\u00e4hlt zu einer traditionsreichen Form des Kondulierens. Anl\u00e4sslich der Corona-Pandemie muss derzeit davon leider abgesehen werden. Bitte befolgen Sie dazu jedoch stets die aktuellen Vorgaben seitens der Regierung!<\/li><\/ul>\n\n\n\n<p><strong>DANKE, dass Ihr Herz daf\u00fcr schl\u00e4gt, Piet\u00e4t mit Leben zu f\u00fcllen!<\/strong><\/p>\n","protected":false},"excerpt":{"rendered":"<p>Friedhofs-\/Kirchen- oder Andachts-Knigge Der Friedhof ist ein besonderer Ort (und keinesfalls ein Spielplatz). Hierher kommen Menschen, die um einen Angeh\u00f6rigen oder einen Freund trauern, der immer noch in deren Herzen sein Zuhause hat. Diese Menschen wollen entweder Andacht halten, sich dem Verstorbenen an diesem Ort nahe f\u00fchlen oder vielleicht auch in der Stille mit ihm&hellip;&nbsp;<a href=\"https:\/\/www.sp.sknetworx.at\/seelenfrieden\/wissenswertes-2\/friedhofs-knigge\/\" class=\"\" rel=\"bookmark\">Weiterlesen &raquo;<span class=\"screen-reader-text\">Friedhofs-Knigge<\/span><\/a><\/p>\n","protected":false},"author":1,"featured_media":0,"parent":123,"menu_order":0,"comment_status":"closed","ping_status":"closed","template":"","meta":{"neve_meta_sidebar":"full-width","neve_meta_container":"","neve_meta_enable_content_width":"on","neve_meta_content_width":100,"neve_meta_title_alignment":"","neve_meta_author_avatar":"","neve_post_elements_order":"","neve_meta_disable_header":"","neve_meta_disable_footer":"","neve_meta_disable_title":""},"yoast_head":"<!-- This site is optimized with the Yoast SEO plugin v15.1.1 - https:\/\/yoast.com\/wordpress\/plugins\/seo\/ -->\n<title>BESTATTUNG Seelenfrieden GmbH, Kapfenberg-Schirmitzb\u00fchel \u2026<\/title>\n<meta name=\"description\" content=\"Zu Bestattung Seelenfrieden GmbH in Kapfenberg-Schirmitzb\u00fchel finden Sie \u2713 E-Mail \u2713 Adresse \u2713 Homepage \u2012 eingetragen unter Bestattung ...\" \/>\n<meta name=\"robots\" content=\"index, follow, max-snippet:-1, max-image-preview:large, max-video-preview:-1\" \/>\n<link rel=\"canonical\" href=\"https:\/\/www.bestattung-seelenfrieden.at\/wissenswertes-2\/friedhofs-knigge\/\" \/>\n<meta property=\"og:locale\" content=\"de_DE\" \/>\n<meta property=\"og:type\" content=\"article\" \/>\n<meta property=\"og:title\" content=\"BESTATTUNG Seelenfrieden GmbH, Kapfenberg-Schirmitzb\u00fchel \u2026\" \/>\n<meta property=\"og:description\" content=\"Zu Bestattung Seelenfrieden GmbH in Kapfenberg-Schirmitzb\u00fchel finden Sie \u2713 E-Mail \u2713 Adresse \u2713 Homepage \u2012 eingetragen unter Bestattung ...\" \/>\n<meta property=\"og:url\" content=\"https:\/\/www.bestattung-seelenfrieden.at\/wissenswertes-2\/friedhofs-knigge\/\" \/>\n<meta property=\"og:site_name\" content=\"Seelenfrieden Test\" \/>\n<meta property=\"article:modified_time\" content=\"2020-08-24T15:28:26+00:00\" \/>\n<meta name=\"twitter:card\" content=\"summary_large_image\" \/>\n<script type=\"application\/ld+json\" class=\"yoast-schema-graph\">{\"@context\":\"https:\/\/schema.org\",\"@graph\":[{\"@type\":\"Organization\",\"@id\":\"https:\/\/www.sp.sknetworx.at\/seelenfrieden\/#organization\",\"name\":\"BESTATTUNG Seelenfrieden GmbH\",\"url\":\"https:\/\/www.sp.sknetworx.at\/seelenfrieden\/\",\"sameAs\":[],\"logo\":{\"@type\":\"ImageObject\",\"@id\":\"https:\/\/www.sp.sknetworx.at\/seelenfrieden\/#logo\",\"inLanguage\":\"de-AT\",\"url\":\"https:\/\/www.sp.sknetworx.at\/seelenfrieden\/wp-content\/uploads\/2020\/07\/Seelenfrieden_Logo.png\",\"width\":1200,\"height\":612,\"caption\":\"BESTATTUNG Seelenfrieden GmbH\"},\"image\":{\"@id\":\"https:\/\/www.sp.sknetworx.at\/seelenfrieden\/#logo\"}},{\"@type\":\"WebSite\",\"@id\":\"https:\/\/www.sp.sknetworx.at\/seelenfrieden\/#website\",\"url\":\"https:\/\/www.sp.sknetworx.at\/seelenfrieden\/\",\"name\":\"Seelenfrieden Test\",\"description\":\"\",\"publisher\":{\"@id\":\"https:\/\/www.sp.sknetworx.at\/seelenfrieden\/#organization\"},\"potentialAction\":[{\"@type\":\"SearchAction\",\"target\":\"https:\/\/www.sp.sknetworx.at\/seelenfrieden\/?s={search_term_string}\",\"query-input\":\"required name=search_term_string\"}],\"inLanguage\":\"de-AT\"},{\"@type\":\"WebPage\",\"@id\":\"https:\/\/www.bestattung-seelenfrieden.at\/wissenswertes-2\/friedhofs-knigge\/#webpage\",\"url\":\"https:\/\/www.bestattung-seelenfrieden.at\/wissenswertes-2\/friedhofs-knigge\/\",\"name\":\"BESTATTUNG Seelenfrieden GmbH, Kapfenberg-Schirmitzb\\u00fchel \\u2026\",\"isPartOf\":{\"@id\":\"https:\/\/www.sp.sknetworx.at\/seelenfrieden\/#website\"},\"datePublished\":\"2020-06-29T06:52:50+00:00\",\"dateModified\":\"2020-08-24T15:28:26+00:00\",\"description\":\"Zu Bestattung Seelenfrieden GmbH in Kapfenberg-Schirmitzb\\u00fchel finden Sie \\u2713 E-Mail \\u2713 Adresse \\u2713 Homepage \\u2012 eingetragen unter Bestattung ...\",\"inLanguage\":\"de-AT\",\"potentialAction\":[{\"@type\":\"ReadAction\",\"target\":[\"https:\/\/www.bestattung-seelenfrieden.at\/wissenswertes-2\/friedhofs-knigge\/\"]}]}]}<\/script>\n<!-- \/ Yoast SEO plugin. -->","amp_validity":null,"amp_enabled":true,"_links":{"self":[{"href":"https:\/\/www.sp.sknetworx.at\/seelenfrieden\/wp-json\/wp\/v2\/pages\/157"}],"collection":[{"href":"https:\/\/www.sp.sknetworx.at\/seelenfrieden\/wp-json\/wp\/v2\/pages"}],"about":[{"href":"https:\/\/www.sp.sknetworx.at\/seelenfrieden\/wp-json\/wp\/v2\/types\/page"}],"author":[{"embeddable":true,"href":"https:\/\/www.sp.sknetworx.at\/seelenfrieden\/wp-json\/wp\/v2\/users\/1"}],"replies":[{"embeddable":true,"href":"https:\/\/www.sp.sknetworx.at\/seelenfrieden\/wp-json\/wp\/v2\/comments?post=157"}],"version-history":[{"count":9,"href":"https:\/\/www.sp.sknetworx.at\/seelenfrieden\/wp-json\/wp\/v2\/pages\/157\/revisions"}],"predecessor-version":[{"id":481,"href":"https:\/\/www.sp.sknetworx.at\/seelenfrieden\/wp-json\/wp\/v2\/pages\/157\/revisions\/481"}],"up":[{"embeddable":true,"href":"https:\/\/www.sp.sknetworx.at\/seelenfrieden\/wp-json\/wp\/v2\/pages\/123"}],"wp:attachment":[{"href":"https:\/\/www.sp.sknetworx.at\/seelenfrieden\/wp-json\/wp\/v2\/media?parent=157"}],"curies":[{"name":"wp","href":"https:\/\/api.w.org\/{rel}","templated":true}]}}