{"id":134,"date":"2020-06-22T14:51:18","date_gmt":"2020-06-22T14:51:18","guid":{"rendered":"https:\/\/www.sp.sknetworx.at\/seelenfrieden\/?page_id=134"},"modified":"2020-08-29T17:48:13","modified_gmt":"2020-08-29T15:48:13","slug":"partnerbetriebe","status":"publish","type":"page","link":"https:\/\/www.sp.sknetworx.at\/seelenfrieden\/wissenswertes-2\/partnerbetriebe\/","title":{"rendered":"Unsere Partner"},"content":{"rendered":"\n<p><strong>Unser gro\u00dfer DANK \u2013 vor allem f\u00fcr jede freundliche, kompetente Unterst\u00fctzung <\/strong><br><strong>im Zuge unserer Firmen-Neugr\u00fcndung \u2013 gilt nachstehenden PartnerInnen:<\/strong><\/p>\n\n\n\n<p>ZweiKainz GmbH Licht &#8211; Konzepte &#8211; Werbebau <br><a rel=\"noreferrer noopener\" href=\"https:\/\/www.zweikainz.at\" target=\"_blank\">www.zweikainz.at<\/a><\/p>\n\n\n\n<p>Steuerberater Dr. Illmayer KEG Wirtschaftstreuhand und Steuerberatungsgesellschaft<br><a href=\"https:\/\/drillmayer.stadtausstellung.at\/kontakt\">www.drillmayer.stadtausstellung.at\/kontakt<\/a><br><a rel=\"noreferrer noopener\" href=\"https:\/\/www.zweikainz.at\" target=\"_blank\"><br><\/a>Raiffeisenbank Turnau-St. Lorenzen<br><a href=\"https:\/\/www.raiffeisen.at\/stmk\/turnau-st-lorenzen\/de\/meine-bank\/bankstellen\/st-marein.html\">https:\/\/www.raiffeisen.at\/stmk\/turnau-st-lorenzen\/de\/meine-bank\/bankstellen\/st-marein.html<\/a><\/p>\n\n\n\n<p>Elektronik Printing Handels GmbH Trauerdruck Drucksysteme <br><a rel=\"noreferrer noopener\" href=\"https:\/\/www.e-p.at\/\" target=\"_blank\">www.e-p.at<\/a><\/p>\n\n\n\n<p>Notariat Dr. Helga Kaiser &amp; Partner Mag. Wolfgang St\u00fctz<br><a href=\"https:\/\/www.notariat-bruck.at\/\">https:\/\/www.notariat-bruck.at\/<\/a><\/p>\n\n\n\n<p>Matschy Stein &amp; Design GmbH<br><a rel=\"noreferrer noopener\" href=\"http:\/\/www.matschy.com\/\" target=\"_blank\">www.matschy.com<\/a><a href=\"http:\/\/www.blumen-knauss.at\" target=\"_blank\" rel=\"noreferrer noopener nofollow\"><br><\/a><br>Blumen Knauss<br><a rel=\"noreferrer noopener\" href=\"http:\/\/www.blumen-knauss.at\/\" target=\"_blank\">www.blumen-knauss.at<\/a><a rel=\"noreferrer noopener\" href=\"https:\/\/www.speicherkraft.com\/\" target=\"_blank\"><br><\/a><br>Moser Holzindustrie GmbH<br><a rel=\"noreferrer noopener\" href=\"https:\/\/www.moser-holzindustrie.at\/\" target=\"_blank\">www.moser-holzindustrie.at<br><\/a><br>Hopf Piet\u00e4tsartikel GmbH<br><a href=\"https:\/\/hopf-online.com\">www.hopf-online.com<\/a><a rel=\"noreferrer noopener\" href=\"https:\/\/hopf-online.com\/\" target=\"_blank\"><br><\/a><br>Osterkorn Erzeugung von Trauerwaren<br><a rel=\"noreferrer noopener\" href=\"http:\/\/www.osterkorn.com\/produkte.shtml\" target=\"_blank\">www.osterkorn.com\/produkte.shtml<\/a><a rel=\"noreferrer noopener\" href=\"http:\/\/www.baumeister-assigal.at\/\" target=\"_blank\"><br><\/a><br>IT-Speicherkraft Vertriebs- und Dienstleistungs GmbH<br><a rel=\"noreferrer noopener\" href=\"https:\/\/www.speicherkraft.com\/\" target=\"_blank\">www.speicherkraft.com<\/a><a rel=\"noreferrer noopener\" href=\"http:\/\/www.matschy.com\/\" target=\"_blank\"><br><\/a><br>Baumeister Robert Assigal GmbH<br><a rel=\"noreferrer noopener\" href=\"http:\/\/www.baumeister-assigal.at\/\" target=\"_blank\">www.baumeister-assigal.at<\/a><\/p>\n\n\n\n<p>Seitinger EDV-Dienstleistungen-Handel<br><a rel=\"noreferrer noopener\" href=\"http:\/\/www.seitinger.at\/\" target=\"_blank\">www.seitinger.at<\/a><\/p>\n\n\n\n<p>Florian Geissrigler Erdbau-Arbeiten (0650 76 79 163)<\/p>\n\n\n\n<p><strong>F\u00fcr die Inhalte der Partner-Websites sind wir weder verantwortlich noch \u00fcbernehmen wir jegliche Haftung daf\u00fcr.<\/strong><\/p>\n\n\n\n<p><em>Ein herzliches Dankesch\u00f6n auch unserem lieben Freund Ernst!<\/em><\/p>\n","protected":false},"excerpt":{"rendered":"<p>Unser gro\u00dfer DANK \u2013 vor allem f\u00fcr jede freundliche, kompetente Unterst\u00fctzung im Zuge unserer Firmen-Neugr\u00fcndung \u2013 gilt nachstehenden PartnerInnen: ZweiKainz GmbH Licht &#8211; Konzepte &#8211; Werbebau www.zweikainz.at Steuerberater Dr. Illmayer KEG Wirtschaftstreuhand und Steuerberatungsgesellschaftwww.drillmayer.stadtausstellung.at\/kontaktRaiffeisenbank Turnau-St. Lorenzenhttps:\/\/www.raiffeisen.at\/stmk\/turnau-st-lorenzen\/de\/meine-bank\/bankstellen\/st-marein.html Elektronik Printing Handels GmbH Trauerdruck Drucksysteme www.e-p.at Notariat Dr. Helga Kaiser &amp; Partner Mag. Wolfgang St\u00fctzhttps:\/\/www.notariat-bruck.at\/ Matschy Stein &amp;&hellip;&nbsp;<a href=\"https:\/\/www.sp.sknetworx.at\/seelenfrieden\/wissenswertes-2\/partnerbetriebe\/\" class=\"\" rel=\"bookmark\">Weiterlesen &raquo;<span class=\"screen-reader-text\">Unsere Partner<\/span><\/a><\/p>\n","protected":false},"author":1,"featured_media":0,"parent":123,"menu_order":5,"comment_status":"closed","ping_status":"closed","template":"","meta":{"neve_meta_sidebar":"full-width","neve_meta_container":"","neve_meta_enable_content_width":"on","neve_meta_content_width":100,"neve_meta_title_alignment":"","neve_meta_author_avatar":"","neve_post_elements_order":"","neve_meta_disable_header":"","neve_meta_disable_footer":"","neve_meta_disable_title":""},"yoast_head":"<!-- This site is optimized with the Yoast SEO plugin v15.1.1 - https:\/\/yoast.com\/wordpress\/plugins\/seo\/ -->\n<title>BESTATTUNG Seelenfrieden GmbH, Kapfenberg-Schirmitzb\u00fchel \u2026<\/title>\n<meta name=\"description\" content=\"Zu Bestattung Seelenfrieden GmbH in Kapfenberg-Schirmitzb\u00fchel finden Sie \u2713 E-Mail \u2713 Adresse \u2713 Homepage \u2012 eingetragen unter Bestattung ...\" \/>\n<meta name=\"robots\" content=\"index, follow, max-snippet:-1, max-image-preview:large, max-video-preview:-1\" \/>\n<link rel=\"canonical\" href=\"https:\/\/www.bestattung-seelenfrieden.at\/wissenswertes-2\/partnerbetriebe\/\" \/>\n<meta property=\"og:locale\" content=\"de_DE\" \/>\n<meta property=\"og:type\" content=\"article\" \/>\n<meta property=\"og:title\" content=\"BESTATTUNG Seelenfrieden GmbH, Kapfenberg-Schirmitzb\u00fchel \u2026\" \/>\n<meta property=\"og:description\" content=\"Zu Bestattung Seelenfrieden GmbH in Kapfenberg-Schirmitzb\u00fchel finden Sie \u2713 E-Mail \u2713 Adresse \u2713 Homepage \u2012 eingetragen unter Bestattung ...\" \/>\n<meta property=\"og:url\" content=\"https:\/\/www.bestattung-seelenfrieden.at\/wissenswertes-2\/partnerbetriebe\/\" \/>\n<meta property=\"og:site_name\" content=\"Seelenfrieden Test\" \/>\n<meta property=\"article:modified_time\" content=\"2020-08-29T15:48:13+00:00\" \/>\n<meta name=\"twitter:card\" content=\"summary_large_image\" \/>\n<script type=\"application\/ld+json\" class=\"yoast-schema-graph\">{\"@context\":\"https:\/\/schema.org\",\"@graph\":[{\"@type\":\"Organization\",\"@id\":\"https:\/\/www.sp.sknetworx.at\/seelenfrieden\/#organization\",\"name\":\"BESTATTUNG Seelenfrieden GmbH\",\"url\":\"https:\/\/www.sp.sknetworx.at\/seelenfrieden\/\",\"sameAs\":[],\"logo\":{\"@type\":\"ImageObject\",\"@id\":\"https:\/\/www.sp.sknetworx.at\/seelenfrieden\/#logo\",\"inLanguage\":\"de-AT\",\"url\":\"https:\/\/www.sp.sknetworx.at\/seelenfrieden\/wp-content\/uploads\/2020\/07\/Seelenfrieden_Logo.png\",\"width\":1200,\"height\":612,\"caption\":\"BESTATTUNG Seelenfrieden GmbH\"},\"image\":{\"@id\":\"https:\/\/www.sp.sknetworx.at\/seelenfrieden\/#logo\"}},{\"@type\":\"WebSite\",\"@id\":\"https:\/\/www.sp.sknetworx.at\/seelenfrieden\/#website\",\"url\":\"https:\/\/www.sp.sknetworx.at\/seelenfrieden\/\",\"name\":\"Seelenfrieden Test\",\"description\":\"\",\"publisher\":{\"@id\":\"https:\/\/www.sp.sknetworx.at\/seelenfrieden\/#organization\"},\"potentialAction\":[{\"@type\":\"SearchAction\",\"target\":\"https:\/\/www.sp.sknetworx.at\/seelenfrieden\/?s={search_term_string}\",\"query-input\":\"required name=search_term_string\"}],\"inLanguage\":\"de-AT\"},{\"@type\":\"WebPage\",\"@id\":\"https:\/\/www.bestattung-seelenfrieden.at\/wissenswertes-2\/partnerbetriebe\/#webpage\",\"url\":\"https:\/\/www.bestattung-seelenfrieden.at\/wissenswertes-2\/partnerbetriebe\/\",\"name\":\"BESTATTUNG Seelenfrieden GmbH, Kapfenberg-Schirmitzb\\u00fchel \\u2026\",\"isPartOf\":{\"@id\":\"https:\/\/www.sp.sknetworx.at\/seelenfrieden\/#website\"},\"datePublished\":\"2020-06-22T14:51:18+00:00\",\"dateModified\":\"2020-08-29T15:48:13+00:00\",\"description\":\"Zu Bestattung Seelenfrieden GmbH in Kapfenberg-Schirmitzb\\u00fchel finden Sie \\u2713 E-Mail \\u2713 Adresse \\u2713 Homepage \\u2012 eingetragen unter Bestattung ...\",\"inLanguage\":\"de-AT\",\"potentialAction\":[{\"@type\":\"ReadAction\",\"target\":[\"https:\/\/www.bestattung-seelenfrieden.at\/wissenswertes-2\/partnerbetriebe\/\"]}]}]}<\/script>\n<!-- \/ Yoast SEO plugin. -->","amp_validity":null,"amp_enabled":true,"_links":{"self":[{"href":"https:\/\/www.sp.sknetworx.at\/seelenfrieden\/wp-json\/wp\/v2\/pages\/134"}],"collection":[{"href":"https:\/\/www.sp.sknetworx.at\/seelenfrieden\/wp-json\/wp\/v2\/pages"}],"about":[{"href":"https:\/\/www.sp.sknetworx.at\/seelenfrieden\/wp-json\/wp\/v2\/types\/page"}],"author":[{"embeddable":true,"href":"https:\/\/www.sp.sknetworx.at\/seelenfrieden\/wp-json\/wp\/v2\/users\/1"}],"replies":[{"embeddable":true,"href":"https:\/\/www.sp.sknetworx.at\/seelenfrieden\/wp-json\/wp\/v2\/comments?post=134"}],"version-history":[{"count":23,"href":"https:\/\/www.sp.sknetworx.at\/seelenfrieden\/wp-json\/wp\/v2\/pages\/134\/revisions"}],"predecessor-version":[{"id":702,"href":"https:\/\/www.sp.sknetworx.at\/seelenfrieden\/wp-json\/wp\/v2\/pages\/134\/revisions\/702"}],"up":[{"embeddable":true,"href":"https:\/\/www.sp.sknetworx.at\/seelenfrieden\/wp-json\/wp\/v2\/pages\/123"}],"wp:attachment":[{"href":"https:\/\/www.sp.sknetworx.at\/seelenfrieden\/wp-json\/wp\/v2\/media?parent=134"}],"curies":[{"name":"wp","href":"https:\/\/api.w.org\/{rel}","templated":true}]}}