{"id":127,"date":"2020-06-22T14:41:17","date_gmt":"2020-06-22T14:41:17","guid":{"rendered":"https:\/\/www.sp.sknetworx.at\/seelenfrieden\/?page_id=127"},"modified":"2020-08-31T18:22:53","modified_gmt":"2020-08-31T16:22:53","slug":"termine","status":"publish","type":"page","link":"https:\/\/www.sp.sknetworx.at\/seelenfrieden\/wissenswertes-2\/termine\/","title":{"rendered":"Termine"},"content":{"rendered":"\n<p><strong>(Anmeldung unbedingt erforderlich!)<\/strong><\/p>\n\n\n\n<p><\/p>\n\n\n\n<p class=\"has-text-align-left\"><strong>Mi, 30. September 2020, ab 15 Uhr<\/strong> &#8211; <strong>Bestattungsvorsorge<\/strong><br>Ein Thema f\u00fcr alle jene, die den Mut haben, sich mit der eigenen Endlichkeit auseinander zu setzen und dadurch die Familienangeh\u00f6rigen von finanziellen Belastungen freispielen. Sie wollen sich dessen sicher sein k\u00f6nnen, dass das von Ihnen dazu Angesparte nie  zweckentfremdet verwendet werden kann?<br><strong>Kostenlose Information<\/strong>, an jedem letzten Mittwoch im Monat (Anmeldeschluss: Mo, 28.09.2020)<\/p>\n\n\n\n<p><strong>Fr, 25. September 2020, 14 Uhr<\/strong> &#8211; <strong>Alles rund um&#8217;s &#8220;TESTAMENT&#8221;<\/strong><br>Damit das Scheiden aus dieser Welt keine zerr\u00fctteten Familien hinterl\u00e4sst.<br><strong>Kostenlose Notar-Sprechstunde<\/strong>, an jedem letzten Freitag im Monat  (Anmeldeschluss: Mi, 23.09.2020)<\/p>\n\n\n\n<div class=\"wp-block-group\"><div class=\"wp-block-group__inner-container\"><\/div><\/div>\n\n\n\n<div class=\"wp-block-group\"><div class=\"wp-block-group__inner-container\">\n<p><strong>Fr, 2. Oktober 2020, 15 Uhr &#8211; &#8220;Wenn (Menschen-) Kinder trauern&#8221;<\/strong>:  <br>Kinder sind keine kleinen Erwachsenen. Wenn Kinder einen von ihnen geliebten Menschen verlieren (nicht nur durch Ableben eines solchen, sondern z. B. auch durch (unfriedliche) Trennungen der Eltern oder Bezugspersonen), dann sind sie wesentlich verletzlicher, unsicherer, f\u00fcrsorge- und schutzbed\u00fcrftiger als an normalen Alltagen. Die Aufgabe von uns Erwachsenen ist es, unsere Kinder v. a. in derartigen Ausnahmesituationen so (kompetent) zu begleiten, dass ihre Kinder-Seelen m\u00f6glichst keine Verletzungen erleiden. Sie haben Kinder und einen Trauer-\/Verlustfall in der Familie oder im Freundeskreis zu beklagen? Oder Sie haben beruflich mit Kindern zu tun und wollen ihre diesbez\u00fcglichen Kompetenzen erweitern?<\/p>\n\n\n\n<p><strong>Kostenlose Informations- und Frage-Stunde einer erfahrenen Psychologin,<\/strong> mit Erfahrung im tiergest\u00fctzten Interventionsbereich<br>(Anmeldeschluss: Do, 17.09.2020)<\/p>\n\n\n\n<p><strong><em>Sie m\u00f6chten unsere Newsletter erhalten? <\/em><\/strong><br><strong>Dann senden Sie bitte eine E-Mail (mit Vor- und Zunamen) an willkommen@bestattung-seelenfrieden.at &#8211; Betreff &#8220;Newsletter-Anmeldung&#8221; oder folgen Sie uns auf Facebook.<\/strong><\/p>\n\n\n\n<p> <\/p>\n\n\n\n<p> <\/p>\n<\/div><\/div>\n","protected":false},"excerpt":{"rendered":"<p>(Anmeldung unbedingt erforderlich!) Mi, 30. September 2020, ab 15 Uhr &#8211; BestattungsvorsorgeEin Thema f\u00fcr alle jene, die den Mut haben, sich mit der eigenen Endlichkeit auseinander zu setzen und dadurch die Familienangeh\u00f6rigen von finanziellen Belastungen freispielen. Sie wollen sich dessen sicher sein k\u00f6nnen, dass das von Ihnen dazu Angesparte nie zweckentfremdet verwendet werden kann?Kostenlose Information,&hellip;&nbsp;<a href=\"https:\/\/www.sp.sknetworx.at\/seelenfrieden\/wissenswertes-2\/termine\/\" class=\"\" rel=\"bookmark\">Weiterlesen &raquo;<span class=\"screen-reader-text\">Termine<\/span><\/a><\/p>\n","protected":false},"author":1,"featured_media":0,"parent":123,"menu_order":2,"comment_status":"closed","ping_status":"closed","template":"","meta":{"neve_meta_sidebar":"full-width","neve_meta_container":"","neve_meta_enable_content_width":"on","neve_meta_content_width":100,"neve_meta_title_alignment":"","neve_meta_author_avatar":"","neve_post_elements_order":"","neve_meta_disable_header":"","neve_meta_disable_footer":"","neve_meta_disable_title":""},"yoast_head":"<!-- This site is optimized with the Yoast SEO plugin v15.1.1 - https:\/\/yoast.com\/wordpress\/plugins\/seo\/ -->\n<title>BESTATTUNG Seelenfrieden GmbH, Kapfenberg-Schirmitzb\u00fchel \u2026<\/title>\n<meta name=\"description\" content=\"Zu Bestattung Seelenfrieden GmbH in Kapfenberg-Schirmitzb\u00fchel finden Sie \u2713 E-Mail \u2713 Adresse \u2713 Homepage \u2012 eingetragen unter Bestattung ...\" \/>\n<meta name=\"robots\" content=\"index, follow, max-snippet:-1, max-image-preview:large, max-video-preview:-1\" \/>\n<link rel=\"canonical\" href=\"https:\/\/www.bestattung-seelenfrieden.at\/wissenswertes-2\/termine\/\" \/>\n<meta property=\"og:locale\" content=\"de_DE\" \/>\n<meta property=\"og:type\" content=\"article\" \/>\n<meta property=\"og:title\" content=\"BESTATTUNG Seelenfrieden GmbH, Kapfenberg-Schirmitzb\u00fchel \u2026\" \/>\n<meta property=\"og:description\" content=\"Zu Bestattung Seelenfrieden GmbH in Kapfenberg-Schirmitzb\u00fchel finden Sie \u2713 E-Mail \u2713 Adresse \u2713 Homepage \u2012 eingetragen unter Bestattung ...\" \/>\n<meta property=\"og:url\" content=\"https:\/\/www.bestattung-seelenfrieden.at\/wissenswertes-2\/termine\/\" \/>\n<meta property=\"og:site_name\" content=\"Seelenfrieden Test\" \/>\n<meta property=\"article:modified_time\" content=\"2020-08-31T16:22:53+00:00\" \/>\n<meta name=\"twitter:card\" content=\"summary_large_image\" \/>\n<script type=\"application\/ld+json\" class=\"yoast-schema-graph\">{\"@context\":\"https:\/\/schema.org\",\"@graph\":[{\"@type\":\"Organization\",\"@id\":\"https:\/\/www.sp.sknetworx.at\/seelenfrieden\/#organization\",\"name\":\"BESTATTUNG Seelenfrieden GmbH\",\"url\":\"https:\/\/www.sp.sknetworx.at\/seelenfrieden\/\",\"sameAs\":[],\"logo\":{\"@type\":\"ImageObject\",\"@id\":\"https:\/\/www.sp.sknetworx.at\/seelenfrieden\/#logo\",\"inLanguage\":\"de-AT\",\"url\":\"https:\/\/www.sp.sknetworx.at\/seelenfrieden\/wp-content\/uploads\/2020\/07\/Seelenfrieden_Logo.png\",\"width\":1200,\"height\":612,\"caption\":\"BESTATTUNG Seelenfrieden GmbH\"},\"image\":{\"@id\":\"https:\/\/www.sp.sknetworx.at\/seelenfrieden\/#logo\"}},{\"@type\":\"WebSite\",\"@id\":\"https:\/\/www.sp.sknetworx.at\/seelenfrieden\/#website\",\"url\":\"https:\/\/www.sp.sknetworx.at\/seelenfrieden\/\",\"name\":\"Seelenfrieden Test\",\"description\":\"\",\"publisher\":{\"@id\":\"https:\/\/www.sp.sknetworx.at\/seelenfrieden\/#organization\"},\"potentialAction\":[{\"@type\":\"SearchAction\",\"target\":\"https:\/\/www.sp.sknetworx.at\/seelenfrieden\/?s={search_term_string}\",\"query-input\":\"required name=search_term_string\"}],\"inLanguage\":\"de-AT\"},{\"@type\":\"WebPage\",\"@id\":\"https:\/\/www.bestattung-seelenfrieden.at\/wissenswertes-2\/termine\/#webpage\",\"url\":\"https:\/\/www.bestattung-seelenfrieden.at\/wissenswertes-2\/termine\/\",\"name\":\"BESTATTUNG Seelenfrieden GmbH, Kapfenberg-Schirmitzb\\u00fchel \\u2026\",\"isPartOf\":{\"@id\":\"https:\/\/www.sp.sknetworx.at\/seelenfrieden\/#website\"},\"datePublished\":\"2020-06-22T14:41:17+00:00\",\"dateModified\":\"2020-08-31T16:22:53+00:00\",\"description\":\"Zu Bestattung Seelenfrieden GmbH in Kapfenberg-Schirmitzb\\u00fchel finden Sie \\u2713 E-Mail \\u2713 Adresse \\u2713 Homepage \\u2012 eingetragen unter Bestattung ...\",\"inLanguage\":\"de-AT\",\"potentialAction\":[{\"@type\":\"ReadAction\",\"target\":[\"https:\/\/www.bestattung-seelenfrieden.at\/wissenswertes-2\/termine\/\"]}]}]}<\/script>\n<!-- \/ Yoast SEO plugin. -->","amp_validity":null,"amp_enabled":true,"_links":{"self":[{"href":"https:\/\/www.sp.sknetworx.at\/seelenfrieden\/wp-json\/wp\/v2\/pages\/127"}],"collection":[{"href":"https:\/\/www.sp.sknetworx.at\/seelenfrieden\/wp-json\/wp\/v2\/pages"}],"about":[{"href":"https:\/\/www.sp.sknetworx.at\/seelenfrieden\/wp-json\/wp\/v2\/types\/page"}],"author":[{"embeddable":true,"href":"https:\/\/www.sp.sknetworx.at\/seelenfrieden\/wp-json\/wp\/v2\/users\/1"}],"replies":[{"embeddable":true,"href":"https:\/\/www.sp.sknetworx.at\/seelenfrieden\/wp-json\/wp\/v2\/comments?post=127"}],"version-history":[{"count":65,"href":"https:\/\/www.sp.sknetworx.at\/seelenfrieden\/wp-json\/wp\/v2\/pages\/127\/revisions"}],"predecessor-version":[{"id":705,"href":"https:\/\/www.sp.sknetworx.at\/seelenfrieden\/wp-json\/wp\/v2\/pages\/127\/revisions\/705"}],"up":[{"embeddable":true,"href":"https:\/\/www.sp.sknetworx.at\/seelenfrieden\/wp-json\/wp\/v2\/pages\/123"}],"wp:attachment":[{"href":"https:\/\/www.sp.sknetworx.at\/seelenfrieden\/wp-json\/wp\/v2\/media?parent=127"}],"curies":[{"name":"wp","href":"https:\/\/api.w.org\/{rel}","templated":true}]}}